{"id":4968,"date":"2022-07-07T20:50:35","date_gmt":"2022-07-07T20:50:35","guid":{"rendered":"https:\/\/budapestkerekpar.hu\/?post_type=product&#038;p=4968"},"modified":"2022-09-06T10:55:27","modified_gmt":"2022-09-06T10:55:27","slug":"pegasus-sl-premio-xt-gyonyoru","status":"publish","type":"product","link":"https:\/\/budapestkerekpar.hu\/?product=pegasus-sl-premio-xt-gyonyoru","title":{"rendered":"PEGASUS SL Premio XT gy\u00f6ny\u00f6r\u0171\u2028\u2028"},"content":{"rendered":"<p>\u00dajszer\u0171 trekking bringa.\u00a0 K\u00e9nyelmes nyereggel, rug\u00f3s nyeregcs\u0151vel, s\u00e1rv\u00e9d\u0151vel, csomagtart\u00f3val, kit\u00e1maszt\u00f3val, agydinam\u00f3val \u00e9s vil\u00e1g\u00edt\u00e1ssal szerelve. V\u00e1rosi felhaszn\u00e1l\u00e1sra, h\u00e9tv\u00e9gi t\u00far\u00e1kra, de ak\u00e1r Balaton k\u00f6rbeteker\u00e9s\u00e9re is t\u00f6k\u00e9letesen alkalmas. \u2028A bringa kifog\u00e1stalan \u00e1llapotnak \u00f6rvend.<\/p>\n<p>&nbsp;<\/p>\n<p>&nbsp;<\/p>\n<p>&nbsp;<\/p>\n<p><strong>Sz\u00e1ml\u00e1val \u00e9s garanci\u00e1val!<\/strong><\/p>\n<p>&nbsp;<\/p>\n<p><strong>\u2028Sz\u00e1ll\u00edt\u00e1s megoldhat\u00f3!<\/strong><\/p>\n<p>&nbsp;<\/p>\n<p>&nbsp;<\/p>\n<table>\n<tbody>\n<tr>\n<td width=\"295\">V\u00e1zm\u00e9ret:<\/td>\n<td width=\"288\">48 cm<\/td>\n<\/tr>\n<tr>\n<td width=\"295\">Teleszk\u00f3p:<\/td>\n<td width=\"288\">SR Suntour<\/td>\n<\/tr>\n<tr>\n<td width=\"295\">F\u00e9k:<\/td>\n<td width=\"288\">Shimano<\/td>\n<\/tr>\n<tr>\n<td width=\"295\">F\u00e9kkar:<\/td>\n<td width=\"288\">Shimano<\/td>\n<\/tr>\n<tr>\n<td width=\"295\">V\u00e1lt\u00f3:<\/td>\n<td width=\"288\">Shimano Deore XT<\/td>\n<\/tr>\n<tr>\n<td width=\"295\">V\u00e1lt\u00f3kar:<\/td>\n<td width=\"288\">Shimano Deore XT<\/td>\n<\/tr>\n<tr>\n<td width=\"295\">Hajt\u00e1s:<\/td>\n<td width=\"288\">Shimano 3&#215;8<\/td>\n<\/tr>\n<tr>\n<td width=\"295\">Ker\u00e9kagy:<\/td>\n<td width=\"288\">Shimano<\/td>\n<\/tr>\n<tr>\n<td width=\"295\">Ker\u00e9km\u00e9ret:<\/td>\n<td width=\"288\">28\u201d<\/td>\n<\/tr>\n<tr>\n<td width=\"295\">Felni:<\/td>\n<td width=\"288\">Zac 19 duplafal\u00fa<\/td>\n<\/tr>\n<tr>\n<td width=\"295\">Gumi:<\/td>\n<td width=\"288\">Continental f\u00e9nyvisszaver\u0151 cs\u00edkos<\/td>\n<\/tr>\n<tr>\n<td width=\"295\">Korm\u00e1nysz\u00e1r \/ Stucni:<\/td>\n<td width=\"288\">\u00c1ll\u00edthat\u00f3 d\u0151l\u00e9ssz\u00f6g\u0171<\/td>\n<\/tr>\n<tr>\n<td width=\"295\">Nyeregcs\u0151:<\/td>\n<td width=\"288\">Rug\u00f3s<\/td>\n<\/tr>\n<tr>\n<td width=\"295\">Nyereg:<\/td>\n<td width=\"288\">Pegasus<\/td>\n<\/tr>\n<tr>\n<td width=\"295\">Vil\u00e1g\u00edt\u00e1s:<\/td>\n<td width=\"288\">Shimano agydinam\u00f3+ er\u0151s ledes \u00e1ll\u00f3f\u00e9nyes l\u00e1mp\u00e1k<\/td>\n<\/tr>\n<tr>\n<td width=\"295\">Egyebek:<\/td>\n<td width=\"288\">SKS aluplasztik s\u00e1rv\u00e9d\u0151, csomagtart\u00f3<\/td>\n<\/tr>\n<\/tbody>\n<\/table>\n","protected":false},"excerpt":{"rendered":"<p>\u00dajszer\u0171 trekking bringa.\u00a0 K\u00e9nyelmes nyereggel, rug\u00f3s nyeregcs\u0151vel, s\u00e1rv\u00e9d\u0151vel, csomagtart\u00f3val, kit\u00e1maszt\u00f3val,  [&#8230;]<\/p>\n","protected":false},"featured_media":4948,"comment_status":"open","ping_status":"closed","template":"","meta":{"_bbp_topic_count":0,"_bbp_reply_count":0,"_bbp_total_topic_count":0,"_bbp_total_reply_count":0,"_bbp_voice_count":0,"_bbp_anonymous_reply_count":0,"_bbp_topic_count_hidden":0,"_bbp_reply_count_hidden":0,"_bbp_forum_subforum_count":0,"content-type":""},"product_brand":[],"product_cat":[143,155,86,136],"product_tag":[],"class_list":{"0":"post-4968","1":"product","2":"type-product","3":"status-publish","4":"has-post-thumbnail","6":"product_cat-143","7":"product_cat-48-cm","8":"product_cat-ferfi","9":"product_cat-trekking","11":"first","12":"outofstock","13":"shipping-taxable","14":"purchasable","15":"product-type-simple"},"acf":[],"yoast_head":"<!-- This site is optimized with the Yoast SEO plugin v27.4 - https:\/\/yoast.com\/product\/yoast-seo-wordpress\/ -->\n<title>PEGASUS SL Premio XT gy\u00f6ny\u00f6r\u0171\u2028\u2028 - Budapest Ker\u00e9kp\u00e1r<\/title>\n<meta name=\"description\" content=\"\u00dajszer\u0171 trekking bringa.\u00a0 K\u00e9nyelmes nyereggel, rug\u00f3s nyeregcs\u0151vel, s\u00e1rv\u00e9d\u0151vel, csomagtart\u00f3val, kit\u00e1maszt\u00f3val, agydinam\u00f3val \u00e9s vil\u00e1g\u00edt\u00e1ssal szerelve. V\u00e1rosi felhaszn\u00e1l\u00e1sra, h\u00e9tv\u00e9gi t\u00far\u00e1kra, de ak\u00e1r Balaton k\u00f6rbeteker\u00e9s\u00e9re is t\u00f6k\u00e9letesen alkalmas. \u2028A bringa kifog\u00e1stalan \u00e1llapotnak \u00f6rvend.\" \/>\n<meta name=\"robots\" content=\"index, follow, max-snippet:-1, max-image-preview:large, max-video-preview:-1\" \/>\n<link rel=\"canonical\" href=\"https:\/\/budapestkerekpar.hu\/?product=pegasus-sl-premio-xt-gyonyoru\" \/>\n<meta property=\"og:locale\" content=\"hu_HU\" \/>\n<meta property=\"og:type\" content=\"article\" \/>\n<meta property=\"og:title\" content=\"PEGASUS SL Premio XT gy\u00f6ny\u00f6r\u0171\u2028\u2028 - Budapest Ker\u00e9kp\u00e1r\" \/>\n<meta property=\"og:description\" content=\"\u00dajszer\u0171 trekking bringa.\u00a0 K\u00e9nyelmes nyereggel, rug\u00f3s nyeregcs\u0151vel, s\u00e1rv\u00e9d\u0151vel, csomagtart\u00f3val, kit\u00e1maszt\u00f3val, agydinam\u00f3val \u00e9s vil\u00e1g\u00edt\u00e1ssal szerelve. V\u00e1rosi felhaszn\u00e1l\u00e1sra, h\u00e9tv\u00e9gi t\u00far\u00e1kra, de ak\u00e1r Balaton k\u00f6rbeteker\u00e9s\u00e9re is t\u00f6k\u00e9letesen alkalmas. \u2028A bringa kifog\u00e1stalan \u00e1llapotnak \u00f6rvend.\" \/>\n<meta property=\"og:url\" content=\"https:\/\/budapestkerekpar.hu\/?product=pegasus-sl-premio-xt-gyonyoru\" \/>\n<meta property=\"og:site_name\" content=\"Budapest Ker\u00e9kp\u00e1r\" \/>\n<meta property=\"article:modified_time\" content=\"2022-09-06T10:55:27+00:00\" \/>\n<meta property=\"og:image\" content=\"http:\/\/budapestkerekpar.hu\/wp-content\/uploads\/2022\/07\/budapestkerekpar_pegasusslpremio_01.jpg\" \/>\n\t<meta property=\"og:image:width\" content=\"1920\" \/>\n\t<meta property=\"og:image:height\" content=\"1440\" \/>\n\t<meta property=\"og:image:type\" content=\"image\/jpeg\" \/>\n<meta name=\"twitter:card\" content=\"summary_large_image\" \/>\n<meta name=\"twitter:label1\" content=\"Becs\u00fclt olvas\u00e1si id\u0151\" \/>\n\t<meta name=\"twitter:data1\" content=\"1 perc\" \/>\n<script type=\"application\/ld+json\" class=\"yoast-schema-graph\">{\"@context\":\"https:\\\/\\\/schema.org\",\"@graph\":[{\"@type\":\"WebPage\",\"@id\":\"https:\\\/\\\/budapestkerekpar.hu\\\/?product=pegasus-sl-premio-xt-gyonyoru\",\"url\":\"https:\\\/\\\/budapestkerekpar.hu\\\/?product=pegasus-sl-premio-xt-gyonyoru\",\"name\":\"PEGASUS SL Premio XT gy\u00f6ny\u00f6r\u0171\\u2028\\u2028 - Budapest Ker\u00e9kp\u00e1r\",\"isPartOf\":{\"@id\":\"https:\\\/\\\/budapestkerekpar.hu\\\/#website\"},\"primaryImageOfPage\":{\"@id\":\"https:\\\/\\\/budapestkerekpar.hu\\\/?product=pegasus-sl-premio-xt-gyonyoru#primaryimage\"},\"image\":{\"@id\":\"https:\\\/\\\/budapestkerekpar.hu\\\/?product=pegasus-sl-premio-xt-gyonyoru#primaryimage\"},\"thumbnailUrl\":\"https:\\\/\\\/budapestkerekpar.hu\\\/wp-content\\\/uploads\\\/2022\\\/07\\\/budapestkerekpar_pegasusslpremio_01.jpg\",\"datePublished\":\"2022-07-07T20:50:35+00:00\",\"dateModified\":\"2022-09-06T10:55:27+00:00\",\"description\":\"\u00dajszer\u0171 trekking bringa.\u00a0 K\u00e9nyelmes nyereggel, rug\u00f3s nyeregcs\u0151vel, s\u00e1rv\u00e9d\u0151vel, csomagtart\u00f3val, kit\u00e1maszt\u00f3val, agydinam\u00f3val \u00e9s vil\u00e1g\u00edt\u00e1ssal szerelve. V\u00e1rosi felhaszn\u00e1l\u00e1sra, h\u00e9tv\u00e9gi t\u00far\u00e1kra, de ak\u00e1r Balaton k\u00f6rbeteker\u00e9s\u00e9re is t\u00f6k\u00e9letesen alkalmas. \\u2028A bringa kifog\u00e1stalan \u00e1llapotnak \u00f6rvend.\",\"breadcrumb\":{\"@id\":\"https:\\\/\\\/budapestkerekpar.hu\\\/?product=pegasus-sl-premio-xt-gyonyoru#breadcrumb\"},\"inLanguage\":\"hu\",\"potentialAction\":[{\"@type\":\"ReadAction\",\"target\":[\"https:\\\/\\\/budapestkerekpar.hu\\\/?product=pegasus-sl-premio-xt-gyonyoru\"]}]},{\"@type\":\"ImageObject\",\"inLanguage\":\"hu\",\"@id\":\"https:\\\/\\\/budapestkerekpar.hu\\\/?product=pegasus-sl-premio-xt-gyonyoru#primaryimage\",\"url\":\"https:\\\/\\\/budapestkerekpar.hu\\\/wp-content\\\/uploads\\\/2022\\\/07\\\/budapestkerekpar_pegasusslpremio_01.jpg\",\"contentUrl\":\"https:\\\/\\\/budapestkerekpar.hu\\\/wp-content\\\/uploads\\\/2022\\\/07\\\/budapestkerekpar_pegasusslpremio_01.jpg\",\"width\":1920,\"height\":1440},{\"@type\":\"BreadcrumbList\",\"@id\":\"https:\\\/\\\/budapestkerekpar.hu\\\/?product=pegasus-sl-premio-xt-gyonyoru#breadcrumb\",\"itemListElement\":[{\"@type\":\"ListItem\",\"position\":1,\"name\":\"Kezd\u0151lap\",\"item\":\"https:\\\/\\\/budapestkerekpar.hu\\\/\"},{\"@type\":\"ListItem\",\"position\":2,\"name\":\"Shop Classic &#8211; Sidebar\",\"item\":\"https:\\\/\\\/budapestkerekpar.hu\\\/?page_id=2110\"},{\"@type\":\"ListItem\",\"position\":3,\"name\":\"PEGASUS SL Premio XT gy\u00f6ny\u00f6r\u0171\\u2028\\u2028\"}]},{\"@type\":\"WebSite\",\"@id\":\"https:\\\/\\\/budapestkerekpar.hu\\\/#website\",\"url\":\"https:\\\/\\\/budapestkerekpar.hu\\\/\",\"name\":\"Budapest Ker\u00e9kp\u00e1r\",\"description\":\"Legyen neked is men\u0151 bring\u00e1d!\",\"potentialAction\":[{\"@type\":\"SearchAction\",\"target\":{\"@type\":\"EntryPoint\",\"urlTemplate\":\"https:\\\/\\\/budapestkerekpar.hu\\\/?s={search_term_string}\"},\"query-input\":{\"@type\":\"PropertyValueSpecification\",\"valueRequired\":true,\"valueName\":\"search_term_string\"}}],\"inLanguage\":\"hu\"}]}<\/script>\n<!-- \/ Yoast SEO plugin. -->","yoast_head_json":{"title":"PEGASUS SL Premio XT gy\u00f6ny\u00f6r\u0171\u2028\u2028 - Budapest Ker\u00e9kp\u00e1r","description":"\u00dajszer\u0171 trekking bringa.\u00a0 K\u00e9nyelmes nyereggel, rug\u00f3s nyeregcs\u0151vel, s\u00e1rv\u00e9d\u0151vel, csomagtart\u00f3val, kit\u00e1maszt\u00f3val, agydinam\u00f3val \u00e9s vil\u00e1g\u00edt\u00e1ssal szerelve. V\u00e1rosi felhaszn\u00e1l\u00e1sra, h\u00e9tv\u00e9gi t\u00far\u00e1kra, de ak\u00e1r Balaton k\u00f6rbeteker\u00e9s\u00e9re is t\u00f6k\u00e9letesen alkalmas. \u2028A bringa kifog\u00e1stalan \u00e1llapotnak \u00f6rvend.","robots":{"index":"index","follow":"follow","max-snippet":"max-snippet:-1","max-image-preview":"max-image-preview:large","max-video-preview":"max-video-preview:-1"},"canonical":"https:\/\/budapestkerekpar.hu\/?product=pegasus-sl-premio-xt-gyonyoru","og_locale":"hu_HU","og_type":"article","og_title":"PEGASUS SL Premio XT gy\u00f6ny\u00f6r\u0171\u2028\u2028 - Budapest Ker\u00e9kp\u00e1r","og_description":"\u00dajszer\u0171 trekking bringa.\u00a0 K\u00e9nyelmes nyereggel, rug\u00f3s nyeregcs\u0151vel, s\u00e1rv\u00e9d\u0151vel, csomagtart\u00f3val, kit\u00e1maszt\u00f3val, agydinam\u00f3val \u00e9s vil\u00e1g\u00edt\u00e1ssal szerelve. V\u00e1rosi felhaszn\u00e1l\u00e1sra, h\u00e9tv\u00e9gi t\u00far\u00e1kra, de ak\u00e1r Balaton k\u00f6rbeteker\u00e9s\u00e9re is t\u00f6k\u00e9letesen alkalmas. \u2028A bringa kifog\u00e1stalan \u00e1llapotnak \u00f6rvend.","og_url":"https:\/\/budapestkerekpar.hu\/?product=pegasus-sl-premio-xt-gyonyoru","og_site_name":"Budapest Ker\u00e9kp\u00e1r","article_modified_time":"2022-09-06T10:55:27+00:00","og_image":[{"width":1920,"height":1440,"url":"http:\/\/budapestkerekpar.hu\/wp-content\/uploads\/2022\/07\/budapestkerekpar_pegasusslpremio_01.jpg","type":"image\/jpeg"}],"twitter_card":"summary_large_image","twitter_misc":{"Becs\u00fclt olvas\u00e1si id\u0151":"1 perc"},"schema":{"@context":"https:\/\/schema.org","@graph":[{"@type":"WebPage","@id":"https:\/\/budapestkerekpar.hu\/?product=pegasus-sl-premio-xt-gyonyoru","url":"https:\/\/budapestkerekpar.hu\/?product=pegasus-sl-premio-xt-gyonyoru","name":"PEGASUS SL Premio XT gy\u00f6ny\u00f6r\u0171\u2028\u2028 - Budapest Ker\u00e9kp\u00e1r","isPartOf":{"@id":"https:\/\/budapestkerekpar.hu\/#website"},"primaryImageOfPage":{"@id":"https:\/\/budapestkerekpar.hu\/?product=pegasus-sl-premio-xt-gyonyoru#primaryimage"},"image":{"@id":"https:\/\/budapestkerekpar.hu\/?product=pegasus-sl-premio-xt-gyonyoru#primaryimage"},"thumbnailUrl":"https:\/\/budapestkerekpar.hu\/wp-content\/uploads\/2022\/07\/budapestkerekpar_pegasusslpremio_01.jpg","datePublished":"2022-07-07T20:50:35+00:00","dateModified":"2022-09-06T10:55:27+00:00","description":"\u00dajszer\u0171 trekking bringa.\u00a0 K\u00e9nyelmes nyereggel, rug\u00f3s nyeregcs\u0151vel, s\u00e1rv\u00e9d\u0151vel, csomagtart\u00f3val, kit\u00e1maszt\u00f3val, agydinam\u00f3val \u00e9s vil\u00e1g\u00edt\u00e1ssal szerelve. V\u00e1rosi felhaszn\u00e1l\u00e1sra, h\u00e9tv\u00e9gi t\u00far\u00e1kra, de ak\u00e1r Balaton k\u00f6rbeteker\u00e9s\u00e9re is t\u00f6k\u00e9letesen alkalmas. \u2028A bringa kifog\u00e1stalan \u00e1llapotnak \u00f6rvend.","breadcrumb":{"@id":"https:\/\/budapestkerekpar.hu\/?product=pegasus-sl-premio-xt-gyonyoru#breadcrumb"},"inLanguage":"hu","potentialAction":[{"@type":"ReadAction","target":["https:\/\/budapestkerekpar.hu\/?product=pegasus-sl-premio-xt-gyonyoru"]}]},{"@type":"ImageObject","inLanguage":"hu","@id":"https:\/\/budapestkerekpar.hu\/?product=pegasus-sl-premio-xt-gyonyoru#primaryimage","url":"https:\/\/budapestkerekpar.hu\/wp-content\/uploads\/2022\/07\/budapestkerekpar_pegasusslpremio_01.jpg","contentUrl":"https:\/\/budapestkerekpar.hu\/wp-content\/uploads\/2022\/07\/budapestkerekpar_pegasusslpremio_01.jpg","width":1920,"height":1440},{"@type":"BreadcrumbList","@id":"https:\/\/budapestkerekpar.hu\/?product=pegasus-sl-premio-xt-gyonyoru#breadcrumb","itemListElement":[{"@type":"ListItem","position":1,"name":"Kezd\u0151lap","item":"https:\/\/budapestkerekpar.hu\/"},{"@type":"ListItem","position":2,"name":"Shop Classic &#8211; Sidebar","item":"https:\/\/budapestkerekpar.hu\/?page_id=2110"},{"@type":"ListItem","position":3,"name":"PEGASUS SL Premio XT gy\u00f6ny\u00f6r\u0171\u2028\u2028"}]},{"@type":"WebSite","@id":"https:\/\/budapestkerekpar.hu\/#website","url":"https:\/\/budapestkerekpar.hu\/","name":"Budapest Ker\u00e9kp\u00e1r","description":"Legyen neked is men\u0151 bring\u00e1d!","potentialAction":[{"@type":"SearchAction","target":{"@type":"EntryPoint","urlTemplate":"https:\/\/budapestkerekpar.hu\/?s={search_term_string}"},"query-input":{"@type":"PropertyValueSpecification","valueRequired":true,"valueName":"search_term_string"}}],"inLanguage":"hu"}]}},"_links":{"self":[{"href":"https:\/\/budapestkerekpar.hu\/index.php?rest_route=\/wp\/v2\/product\/4968","targetHints":{"allow":["GET"]}}],"collection":[{"href":"https:\/\/budapestkerekpar.hu\/index.php?rest_route=\/wp\/v2\/product"}],"about":[{"href":"https:\/\/budapestkerekpar.hu\/index.php?rest_route=\/wp\/v2\/types\/product"}],"replies":[{"embeddable":true,"href":"https:\/\/budapestkerekpar.hu\/index.php?rest_route=%2Fwp%2Fv2%2Fcomments&post=4968"}],"wp:featuredmedia":[{"embeddable":true,"href":"https:\/\/budapestkerekpar.hu\/index.php?rest_route=\/wp\/v2\/media\/4948"}],"wp:attachment":[{"href":"https:\/\/budapestkerekpar.hu\/index.php?rest_route=%2Fwp%2Fv2%2Fmedia&parent=4968"}],"wp:term":[{"taxonomy":"product_brand","embeddable":true,"href":"https:\/\/budapestkerekpar.hu\/index.php?rest_route=%2Fwp%2Fv2%2Fproduct_brand&post=4968"},{"taxonomy":"product_cat","embeddable":true,"href":"https:\/\/budapestkerekpar.hu\/index.php?rest_route=%2Fwp%2Fv2%2Fproduct_cat&post=4968"},{"taxonomy":"product_tag","embeddable":true,"href":"https:\/\/budapestkerekpar.hu\/index.php?rest_route=%2Fwp%2Fv2%2Fproduct_tag&post=4968"}],"curies":[{"name":"wp","href":"https:\/\/api.w.org\/{rel}","templated":true}]}}