{"id":5342,"date":"2023-08-19T12:09:44","date_gmt":"2023-08-19T12:09:44","guid":{"rendered":"https:\/\/budapestkerekpar.hu\/?post_type=product&#038;p=5342"},"modified":"2023-10-06T13:23:15","modified_gmt":"2023-10-06T13:23:15","slug":"redline-flight-mini-bmx-cross-ultralight-61kg","status":"publish","type":"product","link":"https:\/\/budapestkerekpar.hu\/?product=redline-flight-mini-bmx-cross-ultralight-61kg","title":{"rendered":"Redline Flight Mini BMX Cross ultralight 6,1kg"},"content":{"rendered":"<p>BMX race bringa a felt\u00f6rekv\u0151 nemzed\u00e9knek. Igaz\u00e1n sz\u00e1guldoz\u00f3s, pillek\u00f6nny\u0171 kis g\u00e9p, karbon vill\u00e1val 20\u201d-os kerekekkel.\u2028\u2028Sz\u00e1ml\u00e1val \u00e9s garanci\u00e1val.<\/p>\n<p>Sz\u00e1ll\u00edt\u00e1s megoldhat\u00f3!<\/p>\n<p>V\u00e1z: RL Microline<br \/>\nHajt\u00e1s: RL Microline<br \/>\nKer\u00e9km\u00e9ret: 20\u201d<br \/>\nKorm\u00e1ny: RL Microline<br \/>\nKorm\u00e1nysz\u00e1r \/ Stucni: RL Microline<br \/>\nNyeregcs\u0151: RL Microline<br \/>\nNyereg: RL Microline<\/p>\n","protected":false},"excerpt":{"rendered":"<p>BMX race bringa a felt\u00f6rekv\u0151 nemzed\u00e9knek. Igaz\u00e1n sz\u00e1guldoz\u00f3s, pillek\u00f6nny\u0171 kis  [&#8230;]<\/p>\n","protected":false},"featured_media":5250,"comment_status":"open","ping_status":"closed","template":"","meta":{"_bbp_topic_count":0,"_bbp_reply_count":0,"_bbp_total_topic_count":0,"_bbp_total_reply_count":0,"_bbp_voice_count":0,"_bbp_anonymous_reply_count":0,"_bbp_topic_count_hidden":0,"_bbp_reply_count_hidden":0,"_bbp_forum_subforum_count":0,"content-type":""},"product_brand":[],"product_cat":[196,197,199],"product_tag":[],"class_list":{"0":"post-5342","1":"product","2":"type-product","3":"status-publish","4":"has-post-thumbnail","6":"product_cat-196","7":"product_cat-bmx","8":"product_cat-gyerek","10":"first","11":"outofstock","12":"shipping-taxable","13":"purchasable","14":"product-type-simple"},"acf":[],"yoast_head":"<!-- This site is optimized with the Yoast SEO plugin v27.4 - https:\/\/yoast.com\/product\/yoast-seo-wordpress\/ -->\n<title>Redline Flight Mini BMX Cross ultralight 6,1kg - Budapest Ker\u00e9kp\u00e1r<\/title>\n<meta name=\"description\" content=\"\u2028BMX race bringa a felt\u00f6rekv\u0151 nemzed\u00e9knek. Igaz\u00e1n sz\u00e1guldoz\u00f3s, pillek\u00f6nny\u0171 kis g\u00e9p, karbon vill\u00e1val 20\u201d-os kerekekkel.\u2028\u2028Sz\u00e1ml\u00e1val \u00e9s garanci\u00e1val.\" \/>\n<meta name=\"robots\" content=\"index, follow, max-snippet:-1, max-image-preview:large, max-video-preview:-1\" \/>\n<link rel=\"canonical\" href=\"https:\/\/budapestkerekpar.hu\/?product=redline-flight-mini-bmx-cross-ultralight-61kg\" \/>\n<meta property=\"og:locale\" content=\"hu_HU\" \/>\n<meta property=\"og:type\" content=\"article\" \/>\n<meta property=\"og:title\" content=\"Redline Flight Mini BMX Cross ultralight 6,1kg - Budapest Ker\u00e9kp\u00e1r\" \/>\n<meta property=\"og:description\" content=\"\u2028BMX race bringa a felt\u00f6rekv\u0151 nemzed\u00e9knek. Igaz\u00e1n sz\u00e1guldoz\u00f3s, pillek\u00f6nny\u0171 kis g\u00e9p, karbon vill\u00e1val 20\u201d-os kerekekkel.\u2028\u2028Sz\u00e1ml\u00e1val \u00e9s garanci\u00e1val.\" \/>\n<meta property=\"og:url\" content=\"https:\/\/budapestkerekpar.hu\/?product=redline-flight-mini-bmx-cross-ultralight-61kg\" \/>\n<meta property=\"og:site_name\" content=\"Budapest Ker\u00e9kp\u00e1r\" \/>\n<meta property=\"article:modified_time\" content=\"2023-10-06T13:23:15+00:00\" \/>\n<meta property=\"og:image\" content=\"http:\/\/budapestkerekpar.hu\/wp-content\/uploads\/2023\/08\/budapestkerekpar_redlinemini_01.jpg\" \/>\n\t<meta property=\"og:image:width\" content=\"1920\" \/>\n\t<meta property=\"og:image:height\" content=\"1440\" \/>\n\t<meta property=\"og:image:type\" content=\"image\/jpeg\" \/>\n<meta name=\"twitter:card\" content=\"summary_large_image\" \/>\n<meta name=\"twitter:label1\" content=\"Becs\u00fclt olvas\u00e1si id\u0151\" \/>\n\t<meta name=\"twitter:data1\" content=\"1 perc\" \/>\n<script type=\"application\/ld+json\" class=\"yoast-schema-graph\">{\"@context\":\"https:\\\/\\\/schema.org\",\"@graph\":[{\"@type\":\"WebPage\",\"@id\":\"https:\\\/\\\/budapestkerekpar.hu\\\/?product=redline-flight-mini-bmx-cross-ultralight-61kg\",\"url\":\"https:\\\/\\\/budapestkerekpar.hu\\\/?product=redline-flight-mini-bmx-cross-ultralight-61kg\",\"name\":\"Redline Flight Mini BMX Cross ultralight 6,1kg - Budapest Ker\u00e9kp\u00e1r\",\"isPartOf\":{\"@id\":\"https:\\\/\\\/budapestkerekpar.hu\\\/#website\"},\"primaryImageOfPage\":{\"@id\":\"https:\\\/\\\/budapestkerekpar.hu\\\/?product=redline-flight-mini-bmx-cross-ultralight-61kg#primaryimage\"},\"image\":{\"@id\":\"https:\\\/\\\/budapestkerekpar.hu\\\/?product=redline-flight-mini-bmx-cross-ultralight-61kg#primaryimage\"},\"thumbnailUrl\":\"https:\\\/\\\/budapestkerekpar.hu\\\/wp-content\\\/uploads\\\/2023\\\/08\\\/budapestkerekpar_redlinemini_01.jpg\",\"datePublished\":\"2023-08-19T12:09:44+00:00\",\"dateModified\":\"2023-10-06T13:23:15+00:00\",\"description\":\"\\u2028BMX race bringa a felt\u00f6rekv\u0151 nemzed\u00e9knek. Igaz\u00e1n sz\u00e1guldoz\u00f3s, pillek\u00f6nny\u0171 kis g\u00e9p, karbon vill\u00e1val 20\u201d-os kerekekkel.\\u2028\\u2028Sz\u00e1ml\u00e1val \u00e9s garanci\u00e1val.\",\"breadcrumb\":{\"@id\":\"https:\\\/\\\/budapestkerekpar.hu\\\/?product=redline-flight-mini-bmx-cross-ultralight-61kg#breadcrumb\"},\"inLanguage\":\"hu\",\"potentialAction\":[{\"@type\":\"ReadAction\",\"target\":[\"https:\\\/\\\/budapestkerekpar.hu\\\/?product=redline-flight-mini-bmx-cross-ultralight-61kg\"]}]},{\"@type\":\"ImageObject\",\"inLanguage\":\"hu\",\"@id\":\"https:\\\/\\\/budapestkerekpar.hu\\\/?product=redline-flight-mini-bmx-cross-ultralight-61kg#primaryimage\",\"url\":\"https:\\\/\\\/budapestkerekpar.hu\\\/wp-content\\\/uploads\\\/2023\\\/08\\\/budapestkerekpar_redlinemini_01.jpg\",\"contentUrl\":\"https:\\\/\\\/budapestkerekpar.hu\\\/wp-content\\\/uploads\\\/2023\\\/08\\\/budapestkerekpar_redlinemini_01.jpg\",\"width\":1920,\"height\":1440},{\"@type\":\"BreadcrumbList\",\"@id\":\"https:\\\/\\\/budapestkerekpar.hu\\\/?product=redline-flight-mini-bmx-cross-ultralight-61kg#breadcrumb\",\"itemListElement\":[{\"@type\":\"ListItem\",\"position\":1,\"name\":\"Kezd\u0151lap\",\"item\":\"https:\\\/\\\/budapestkerekpar.hu\\\/\"},{\"@type\":\"ListItem\",\"position\":2,\"name\":\"Shop Classic &#8211; Sidebar\",\"item\":\"https:\\\/\\\/budapestkerekpar.hu\\\/?page_id=2110\"},{\"@type\":\"ListItem\",\"position\":3,\"name\":\"Redline Flight Mini BMX Cross ultralight 6,1kg\"}]},{\"@type\":\"WebSite\",\"@id\":\"https:\\\/\\\/budapestkerekpar.hu\\\/#website\",\"url\":\"https:\\\/\\\/budapestkerekpar.hu\\\/\",\"name\":\"Budapest Ker\u00e9kp\u00e1r\",\"description\":\"Legyen neked is men\u0151 bring\u00e1d!\",\"potentialAction\":[{\"@type\":\"SearchAction\",\"target\":{\"@type\":\"EntryPoint\",\"urlTemplate\":\"https:\\\/\\\/budapestkerekpar.hu\\\/?s={search_term_string}\"},\"query-input\":{\"@type\":\"PropertyValueSpecification\",\"valueRequired\":true,\"valueName\":\"search_term_string\"}}],\"inLanguage\":\"hu\"}]}<\/script>\n<!-- \/ Yoast SEO plugin. -->","yoast_head_json":{"title":"Redline Flight Mini BMX Cross ultralight 6,1kg - Budapest Ker\u00e9kp\u00e1r","description":"\u2028BMX race bringa a felt\u00f6rekv\u0151 nemzed\u00e9knek. Igaz\u00e1n sz\u00e1guldoz\u00f3s, pillek\u00f6nny\u0171 kis g\u00e9p, karbon vill\u00e1val 20\u201d-os kerekekkel.\u2028\u2028Sz\u00e1ml\u00e1val \u00e9s garanci\u00e1val.","robots":{"index":"index","follow":"follow","max-snippet":"max-snippet:-1","max-image-preview":"max-image-preview:large","max-video-preview":"max-video-preview:-1"},"canonical":"https:\/\/budapestkerekpar.hu\/?product=redline-flight-mini-bmx-cross-ultralight-61kg","og_locale":"hu_HU","og_type":"article","og_title":"Redline Flight Mini BMX Cross ultralight 6,1kg - Budapest Ker\u00e9kp\u00e1r","og_description":"\u2028BMX race bringa a felt\u00f6rekv\u0151 nemzed\u00e9knek. Igaz\u00e1n sz\u00e1guldoz\u00f3s, pillek\u00f6nny\u0171 kis g\u00e9p, karbon vill\u00e1val 20\u201d-os kerekekkel.\u2028\u2028Sz\u00e1ml\u00e1val \u00e9s garanci\u00e1val.","og_url":"https:\/\/budapestkerekpar.hu\/?product=redline-flight-mini-bmx-cross-ultralight-61kg","og_site_name":"Budapest Ker\u00e9kp\u00e1r","article_modified_time":"2023-10-06T13:23:15+00:00","og_image":[{"width":1920,"height":1440,"url":"http:\/\/budapestkerekpar.hu\/wp-content\/uploads\/2023\/08\/budapestkerekpar_redlinemini_01.jpg","type":"image\/jpeg"}],"twitter_card":"summary_large_image","twitter_misc":{"Becs\u00fclt olvas\u00e1si id\u0151":"1 perc"},"schema":{"@context":"https:\/\/schema.org","@graph":[{"@type":"WebPage","@id":"https:\/\/budapestkerekpar.hu\/?product=redline-flight-mini-bmx-cross-ultralight-61kg","url":"https:\/\/budapestkerekpar.hu\/?product=redline-flight-mini-bmx-cross-ultralight-61kg","name":"Redline Flight Mini BMX Cross ultralight 6,1kg - Budapest Ker\u00e9kp\u00e1r","isPartOf":{"@id":"https:\/\/budapestkerekpar.hu\/#website"},"primaryImageOfPage":{"@id":"https:\/\/budapestkerekpar.hu\/?product=redline-flight-mini-bmx-cross-ultralight-61kg#primaryimage"},"image":{"@id":"https:\/\/budapestkerekpar.hu\/?product=redline-flight-mini-bmx-cross-ultralight-61kg#primaryimage"},"thumbnailUrl":"https:\/\/budapestkerekpar.hu\/wp-content\/uploads\/2023\/08\/budapestkerekpar_redlinemini_01.jpg","datePublished":"2023-08-19T12:09:44+00:00","dateModified":"2023-10-06T13:23:15+00:00","description":"\u2028BMX race bringa a felt\u00f6rekv\u0151 nemzed\u00e9knek. Igaz\u00e1n sz\u00e1guldoz\u00f3s, pillek\u00f6nny\u0171 kis g\u00e9p, karbon vill\u00e1val 20\u201d-os kerekekkel.\u2028\u2028Sz\u00e1ml\u00e1val \u00e9s garanci\u00e1val.","breadcrumb":{"@id":"https:\/\/budapestkerekpar.hu\/?product=redline-flight-mini-bmx-cross-ultralight-61kg#breadcrumb"},"inLanguage":"hu","potentialAction":[{"@type":"ReadAction","target":["https:\/\/budapestkerekpar.hu\/?product=redline-flight-mini-bmx-cross-ultralight-61kg"]}]},{"@type":"ImageObject","inLanguage":"hu","@id":"https:\/\/budapestkerekpar.hu\/?product=redline-flight-mini-bmx-cross-ultralight-61kg#primaryimage","url":"https:\/\/budapestkerekpar.hu\/wp-content\/uploads\/2023\/08\/budapestkerekpar_redlinemini_01.jpg","contentUrl":"https:\/\/budapestkerekpar.hu\/wp-content\/uploads\/2023\/08\/budapestkerekpar_redlinemini_01.jpg","width":1920,"height":1440},{"@type":"BreadcrumbList","@id":"https:\/\/budapestkerekpar.hu\/?product=redline-flight-mini-bmx-cross-ultralight-61kg#breadcrumb","itemListElement":[{"@type":"ListItem","position":1,"name":"Kezd\u0151lap","item":"https:\/\/budapestkerekpar.hu\/"},{"@type":"ListItem","position":2,"name":"Shop Classic &#8211; Sidebar","item":"https:\/\/budapestkerekpar.hu\/?page_id=2110"},{"@type":"ListItem","position":3,"name":"Redline Flight Mini BMX Cross ultralight 6,1kg"}]},{"@type":"WebSite","@id":"https:\/\/budapestkerekpar.hu\/#website","url":"https:\/\/budapestkerekpar.hu\/","name":"Budapest Ker\u00e9kp\u00e1r","description":"Legyen neked is men\u0151 bring\u00e1d!","potentialAction":[{"@type":"SearchAction","target":{"@type":"EntryPoint","urlTemplate":"https:\/\/budapestkerekpar.hu\/?s={search_term_string}"},"query-input":{"@type":"PropertyValueSpecification","valueRequired":true,"valueName":"search_term_string"}}],"inLanguage":"hu"}]}},"_links":{"self":[{"href":"https:\/\/budapestkerekpar.hu\/index.php?rest_route=\/wp\/v2\/product\/5342","targetHints":{"allow":["GET"]}}],"collection":[{"href":"https:\/\/budapestkerekpar.hu\/index.php?rest_route=\/wp\/v2\/product"}],"about":[{"href":"https:\/\/budapestkerekpar.hu\/index.php?rest_route=\/wp\/v2\/types\/product"}],"replies":[{"embeddable":true,"href":"https:\/\/budapestkerekpar.hu\/index.php?rest_route=%2Fwp%2Fv2%2Fcomments&post=5342"}],"wp:featuredmedia":[{"embeddable":true,"href":"https:\/\/budapestkerekpar.hu\/index.php?rest_route=\/wp\/v2\/media\/5250"}],"wp:attachment":[{"href":"https:\/\/budapestkerekpar.hu\/index.php?rest_route=%2Fwp%2Fv2%2Fmedia&parent=5342"}],"wp:term":[{"taxonomy":"product_brand","embeddable":true,"href":"https:\/\/budapestkerekpar.hu\/index.php?rest_route=%2Fwp%2Fv2%2Fproduct_brand&post=5342"},{"taxonomy":"product_cat","embeddable":true,"href":"https:\/\/budapestkerekpar.hu\/index.php?rest_route=%2Fwp%2Fv2%2Fproduct_cat&post=5342"},{"taxonomy":"product_tag","embeddable":true,"href":"https:\/\/budapestkerekpar.hu\/index.php?rest_route=%2Fwp%2Fv2%2Fproduct_tag&post=5342"}],"curies":[{"name":"wp","href":"https:\/\/api.w.org\/{rel}","templated":true}]}}