{"id":5599,"date":"2024-01-30T22:53:05","date_gmt":"2024-01-30T22:53:05","guid":{"rendered":"https:\/\/budapestkerekpar.hu\/?post_type=product&#038;p=5599"},"modified":"2024-06-09T19:43:19","modified_gmt":"2024-06-09T19:43:19","slug":"conway-ewme-329-fully-mint-az-uj-uj-ar-15m","status":"publish","type":"product","link":"https:\/\/budapestkerekpar.hu\/?product=conway-ewme-329-fully-mint-az-uj-uj-ar-15m","title":{"rendered":"Conway eWME 329 Fully  Mint az \u00faj! \u00daj \u00e1r 1,5M!"},"content":{"rendered":"<p>Eszm\u00e9letlen m\u00f3d j\u00f3l ir\u00e1ny\u00edthat\u00f3, k\u00f6nny\u0171 (21,8kg) j\u00e1t\u00e9kos bringa a leger\u0151sebb Shimano motorral, dropperrel, vajpuha, finoman hangolhat\u00f3 fut\u00f3m\u0171vel \u00e9s brut\u00e1lis n\u00e9gydug\u00f3s f\u00e9kekkel. Kem\u00e9nyebb bevet\u00e9seken is gond n\u00e9lk\u00fcl \u00e1llja meg a hely\u00e9t. Igazi \u00e9lm\u00e9ny vele a bring\u00e1z\u00e1s, egyszer\u0171en \u00fagy t\u00f6k\u00e9letes, ahogy van. \u00c1llapota k\u00e9ts\u00e9get kiz\u00e1r\u00f3an gy\u00e1ri, \u00fajszer\u0171.<\/p>\n<p>&nbsp;<\/p>\n<p>Sz\u00e1ml\u00e1val, garanci\u00e1val.<\/p>\n<p>Sz\u00e1ll\u00edt\u00e1s orsz\u00e1gosan szem\u00e9lyesen megoldhat\u00f3. Egy\u00e9b k\u00e9rd\u00e9sekkel \u00e9s h\u00e1zhozsz\u00e1ll\u00edt\u00e1ssal kapcsolatban keress nyugodtan.<\/p>\n<p>V\u00e1zm\u00e9ret: S (158-170cm k\u00f6zt igaz\u00e1n ide\u00e1lis)<br \/>\nTeleszk\u00f3p: Rock Shox Sektor RL lockolhat\u00f3<br \/>\nRug\u00f3stag: Rock Shox Monarch RT lockolhat\u00f3<br \/>\nF\u00e9k: Shimano MT520 4dugatty\u00fas hidraulikus t\u00e1rcsaf\u00e9k 203mm<br \/>\nF\u00e9kkar: Shimano<br \/>\nV\u00e1lt\u00f3: 1&#215;11 Shimano Deore XT<br \/>\nV\u00e1lt\u00f3kar: Shimano<br \/>\nHajt\u00e1s: Shimano<br \/>\nKer\u00e9km\u00e9ret: 29\u201d<br \/>\nFelni: Formula\/Rodi Typ 30 29\u201d<br \/>\nGumi: Schwalbe Magic Mary TLE\/Hans Dampf SG Soft 29 x 2,6&#8243;<br \/>\nKorm\u00e1ny: Conway<br \/>\nKorm\u00e1nysz\u00e1r \/ Stucni: Conway<br \/>\nNyeregcs\u0151: Contec (150 mm Hub)<br \/>\nNyereg: Conway<br \/>\nMotor: Shimano Steps E 8000<br \/>\nAkku: Shimano, 500 Wh, 36 Volt<\/p>\n","protected":false},"excerpt":{"rendered":"<p>Eszm\u00e9letlen m\u00f3d j\u00f3l ir\u00e1ny\u00edthat\u00f3, k\u00f6nny\u0171 (21,8kg) j\u00e1t\u00e9kos bringa a leger\u0151sebb  [&#8230;]<\/p>\n","protected":false},"featured_media":5402,"comment_status":"open","ping_status":"closed","template":"","meta":{"_bbp_topic_count":0,"_bbp_reply_count":0,"_bbp_total_topic_count":0,"_bbp_total_reply_count":0,"_bbp_voice_count":0,"_bbp_anonymous_reply_count":0,"_bbp_topic_count_hidden":0,"_bbp_reply_count_hidden":0,"_bbp_forum_subforum_count":0,"content-type":""},"product_brand":[],"product_cat":[140,134,86,199,87,207],"product_tag":[],"class_list":{"0":"post-5599","1":"product","2":"type-product","3":"status-publish","4":"has-post-thumbnail","6":"product_cat-140","7":"product_cat-e-bike","8":"product_cat-ferfi","9":"product_cat-gyerek","10":"product_cat-noi","11":"product_cat-s","13":"first","14":"outofstock","15":"shipping-taxable","16":"purchasable","17":"product-type-simple"},"acf":[],"yoast_head":"<!-- This site is optimized with the Yoast SEO plugin v27.4 - https:\/\/yoast.com\/product\/yoast-seo-wordpress\/ -->\n<title>Conway eWME 329 Fully Mint az \u00faj! \u00daj \u00e1r 1,5M! - Budapest Ker\u00e9kp\u00e1r<\/title>\n<meta name=\"description\" content=\"Eszm\u00e9letlen m\u00f3d j\u00f3l ir\u00e1ny\u00edthat\u00f3, k\u00f6nny\u0171 (21,8kg) j\u00e1t\u00e9kos bringa a leger\u0151sebb Shimano motorral, dropperrel, vajpuha, finoman hangolhat\u00f3 fut\u00f3m\u0171vel \u00e9s brut\u00e1lis n\u00e9gydug\u00f3s f\u00e9kekkel. Kem\u00e9nyebb bevet\u00e9seken is gond n\u00e9lk\u00fcl \u00e1llja meg a hely\u00e9t. Igazi \u00e9lm\u00e9ny vele a bring\u00e1z\u00e1s, egyszer\u0171en \u00fagy t\u00f6k\u00e9letes, ahogy van. \u00c1llapota k\u00e9ts\u00e9get kiz\u00e1r\u00f3an gy\u00e1ri, \u00fajszer\u0171.\u2028\u2028\u2028\" \/>\n<meta name=\"robots\" content=\"index, follow, max-snippet:-1, max-image-preview:large, max-video-preview:-1\" \/>\n<link rel=\"canonical\" href=\"https:\/\/budapestkerekpar.hu\/?product=conway-ewme-329-fully-mint-az-uj-uj-ar-15m\" \/>\n<meta property=\"og:locale\" content=\"hu_HU\" \/>\n<meta property=\"og:type\" content=\"article\" \/>\n<meta property=\"og:title\" content=\"Conway eWME 329 Fully Mint az \u00faj! \u00daj \u00e1r 1,5M! - Budapest Ker\u00e9kp\u00e1r\" \/>\n<meta property=\"og:description\" content=\"Eszm\u00e9letlen m\u00f3d j\u00f3l ir\u00e1ny\u00edthat\u00f3, k\u00f6nny\u0171 (21,8kg) j\u00e1t\u00e9kos bringa a leger\u0151sebb Shimano motorral, dropperrel, vajpuha, finoman hangolhat\u00f3 fut\u00f3m\u0171vel \u00e9s brut\u00e1lis n\u00e9gydug\u00f3s f\u00e9kekkel. Kem\u00e9nyebb bevet\u00e9seken is gond n\u00e9lk\u00fcl \u00e1llja meg a hely\u00e9t. Igazi \u00e9lm\u00e9ny vele a bring\u00e1z\u00e1s, egyszer\u0171en \u00fagy t\u00f6k\u00e9letes, ahogy van. \u00c1llapota k\u00e9ts\u00e9get kiz\u00e1r\u00f3an gy\u00e1ri, \u00fajszer\u0171.\u2028\u2028\u2028\" \/>\n<meta property=\"og:url\" content=\"https:\/\/budapestkerekpar.hu\/?product=conway-ewme-329-fully-mint-az-uj-uj-ar-15m\" \/>\n<meta property=\"og:site_name\" content=\"Budapest Ker\u00e9kp\u00e1r\" \/>\n<meta property=\"article:modified_time\" content=\"2024-06-09T19:43:19+00:00\" \/>\n<meta property=\"og:image\" content=\"http:\/\/budapestkerekpar.hu\/wp-content\/uploads\/2024\/01\/budapestkerekpar_conwaywme329_01.jpg\" \/>\n\t<meta property=\"og:image:width\" content=\"1920\" \/>\n\t<meta property=\"og:image:height\" content=\"1440\" \/>\n\t<meta property=\"og:image:type\" content=\"image\/jpeg\" \/>\n<meta name=\"twitter:card\" content=\"summary_large_image\" \/>\n<meta name=\"twitter:label1\" content=\"Becs\u00fclt olvas\u00e1si id\u0151\" \/>\n\t<meta name=\"twitter:data1\" content=\"1 perc\" \/>\n<script type=\"application\/ld+json\" class=\"yoast-schema-graph\">{\"@context\":\"https:\\\/\\\/schema.org\",\"@graph\":[{\"@type\":\"WebPage\",\"@id\":\"https:\\\/\\\/budapestkerekpar.hu\\\/?product=conway-ewme-329-fully-mint-az-uj-uj-ar-15m\",\"url\":\"https:\\\/\\\/budapestkerekpar.hu\\\/?product=conway-ewme-329-fully-mint-az-uj-uj-ar-15m\",\"name\":\"Conway eWME 329 Fully Mint az \u00faj! \u00daj \u00e1r 1,5M! - Budapest Ker\u00e9kp\u00e1r\",\"isPartOf\":{\"@id\":\"https:\\\/\\\/budapestkerekpar.hu\\\/#website\"},\"primaryImageOfPage\":{\"@id\":\"https:\\\/\\\/budapestkerekpar.hu\\\/?product=conway-ewme-329-fully-mint-az-uj-uj-ar-15m#primaryimage\"},\"image\":{\"@id\":\"https:\\\/\\\/budapestkerekpar.hu\\\/?product=conway-ewme-329-fully-mint-az-uj-uj-ar-15m#primaryimage\"},\"thumbnailUrl\":\"https:\\\/\\\/budapestkerekpar.hu\\\/wp-content\\\/uploads\\\/2024\\\/01\\\/budapestkerekpar_conwaywme329_01.jpg\",\"datePublished\":\"2024-01-30T22:53:05+00:00\",\"dateModified\":\"2024-06-09T19:43:19+00:00\",\"description\":\"Eszm\u00e9letlen m\u00f3d j\u00f3l ir\u00e1ny\u00edthat\u00f3, k\u00f6nny\u0171 (21,8kg) j\u00e1t\u00e9kos bringa a leger\u0151sebb Shimano motorral, dropperrel, vajpuha, finoman hangolhat\u00f3 fut\u00f3m\u0171vel \u00e9s brut\u00e1lis n\u00e9gydug\u00f3s f\u00e9kekkel. Kem\u00e9nyebb bevet\u00e9seken is gond n\u00e9lk\u00fcl \u00e1llja meg a hely\u00e9t. Igazi \u00e9lm\u00e9ny vele a bring\u00e1z\u00e1s, egyszer\u0171en \u00fagy t\u00f6k\u00e9letes, ahogy van. \u00c1llapota k\u00e9ts\u00e9get kiz\u00e1r\u00f3an gy\u00e1ri, \u00fajszer\u0171.\\u2028\\u2028\\u2028\",\"breadcrumb\":{\"@id\":\"https:\\\/\\\/budapestkerekpar.hu\\\/?product=conway-ewme-329-fully-mint-az-uj-uj-ar-15m#breadcrumb\"},\"inLanguage\":\"hu\",\"potentialAction\":[{\"@type\":\"ReadAction\",\"target\":[\"https:\\\/\\\/budapestkerekpar.hu\\\/?product=conway-ewme-329-fully-mint-az-uj-uj-ar-15m\"]}]},{\"@type\":\"ImageObject\",\"inLanguage\":\"hu\",\"@id\":\"https:\\\/\\\/budapestkerekpar.hu\\\/?product=conway-ewme-329-fully-mint-az-uj-uj-ar-15m#primaryimage\",\"url\":\"https:\\\/\\\/budapestkerekpar.hu\\\/wp-content\\\/uploads\\\/2024\\\/01\\\/budapestkerekpar_conwaywme329_01.jpg\",\"contentUrl\":\"https:\\\/\\\/budapestkerekpar.hu\\\/wp-content\\\/uploads\\\/2024\\\/01\\\/budapestkerekpar_conwaywme329_01.jpg\",\"width\":1920,\"height\":1440},{\"@type\":\"BreadcrumbList\",\"@id\":\"https:\\\/\\\/budapestkerekpar.hu\\\/?product=conway-ewme-329-fully-mint-az-uj-uj-ar-15m#breadcrumb\",\"itemListElement\":[{\"@type\":\"ListItem\",\"position\":1,\"name\":\"Kezd\u0151lap\",\"item\":\"https:\\\/\\\/budapestkerekpar.hu\\\/\"},{\"@type\":\"ListItem\",\"position\":2,\"name\":\"Shop Classic &#8211; Sidebar\",\"item\":\"https:\\\/\\\/budapestkerekpar.hu\\\/?page_id=2110\"},{\"@type\":\"ListItem\",\"position\":3,\"name\":\"Conway eWME 329 Fully Mint az \u00faj! \u00daj \u00e1r 1,5M!\"}]},{\"@type\":\"WebSite\",\"@id\":\"https:\\\/\\\/budapestkerekpar.hu\\\/#website\",\"url\":\"https:\\\/\\\/budapestkerekpar.hu\\\/\",\"name\":\"Budapest Ker\u00e9kp\u00e1r\",\"description\":\"Legyen neked is men\u0151 bring\u00e1d!\",\"potentialAction\":[{\"@type\":\"SearchAction\",\"target\":{\"@type\":\"EntryPoint\",\"urlTemplate\":\"https:\\\/\\\/budapestkerekpar.hu\\\/?s={search_term_string}\"},\"query-input\":{\"@type\":\"PropertyValueSpecification\",\"valueRequired\":true,\"valueName\":\"search_term_string\"}}],\"inLanguage\":\"hu\"}]}<\/script>\n<!-- \/ Yoast SEO plugin. -->","yoast_head_json":{"title":"Conway eWME 329 Fully Mint az \u00faj! \u00daj \u00e1r 1,5M! - Budapest Ker\u00e9kp\u00e1r","description":"Eszm\u00e9letlen m\u00f3d j\u00f3l ir\u00e1ny\u00edthat\u00f3, k\u00f6nny\u0171 (21,8kg) j\u00e1t\u00e9kos bringa a leger\u0151sebb Shimano motorral, dropperrel, vajpuha, finoman hangolhat\u00f3 fut\u00f3m\u0171vel \u00e9s brut\u00e1lis n\u00e9gydug\u00f3s f\u00e9kekkel. Kem\u00e9nyebb bevet\u00e9seken is gond n\u00e9lk\u00fcl \u00e1llja meg a hely\u00e9t. Igazi \u00e9lm\u00e9ny vele a bring\u00e1z\u00e1s, egyszer\u0171en \u00fagy t\u00f6k\u00e9letes, ahogy van. \u00c1llapota k\u00e9ts\u00e9get kiz\u00e1r\u00f3an gy\u00e1ri, \u00fajszer\u0171.\u2028\u2028\u2028","robots":{"index":"index","follow":"follow","max-snippet":"max-snippet:-1","max-image-preview":"max-image-preview:large","max-video-preview":"max-video-preview:-1"},"canonical":"https:\/\/budapestkerekpar.hu\/?product=conway-ewme-329-fully-mint-az-uj-uj-ar-15m","og_locale":"hu_HU","og_type":"article","og_title":"Conway eWME 329 Fully Mint az \u00faj! \u00daj \u00e1r 1,5M! - Budapest Ker\u00e9kp\u00e1r","og_description":"Eszm\u00e9letlen m\u00f3d j\u00f3l ir\u00e1ny\u00edthat\u00f3, k\u00f6nny\u0171 (21,8kg) j\u00e1t\u00e9kos bringa a leger\u0151sebb Shimano motorral, dropperrel, vajpuha, finoman hangolhat\u00f3 fut\u00f3m\u0171vel \u00e9s brut\u00e1lis n\u00e9gydug\u00f3s f\u00e9kekkel. Kem\u00e9nyebb bevet\u00e9seken is gond n\u00e9lk\u00fcl \u00e1llja meg a hely\u00e9t. Igazi \u00e9lm\u00e9ny vele a bring\u00e1z\u00e1s, egyszer\u0171en \u00fagy t\u00f6k\u00e9letes, ahogy van. \u00c1llapota k\u00e9ts\u00e9get kiz\u00e1r\u00f3an gy\u00e1ri, \u00fajszer\u0171.\u2028\u2028\u2028","og_url":"https:\/\/budapestkerekpar.hu\/?product=conway-ewme-329-fully-mint-az-uj-uj-ar-15m","og_site_name":"Budapest Ker\u00e9kp\u00e1r","article_modified_time":"2024-06-09T19:43:19+00:00","og_image":[{"width":1920,"height":1440,"url":"http:\/\/budapestkerekpar.hu\/wp-content\/uploads\/2024\/01\/budapestkerekpar_conwaywme329_01.jpg","type":"image\/jpeg"}],"twitter_card":"summary_large_image","twitter_misc":{"Becs\u00fclt olvas\u00e1si id\u0151":"1 perc"},"schema":{"@context":"https:\/\/schema.org","@graph":[{"@type":"WebPage","@id":"https:\/\/budapestkerekpar.hu\/?product=conway-ewme-329-fully-mint-az-uj-uj-ar-15m","url":"https:\/\/budapestkerekpar.hu\/?product=conway-ewme-329-fully-mint-az-uj-uj-ar-15m","name":"Conway eWME 329 Fully Mint az \u00faj! \u00daj \u00e1r 1,5M! - Budapest Ker\u00e9kp\u00e1r","isPartOf":{"@id":"https:\/\/budapestkerekpar.hu\/#website"},"primaryImageOfPage":{"@id":"https:\/\/budapestkerekpar.hu\/?product=conway-ewme-329-fully-mint-az-uj-uj-ar-15m#primaryimage"},"image":{"@id":"https:\/\/budapestkerekpar.hu\/?product=conway-ewme-329-fully-mint-az-uj-uj-ar-15m#primaryimage"},"thumbnailUrl":"https:\/\/budapestkerekpar.hu\/wp-content\/uploads\/2024\/01\/budapestkerekpar_conwaywme329_01.jpg","datePublished":"2024-01-30T22:53:05+00:00","dateModified":"2024-06-09T19:43:19+00:00","description":"Eszm\u00e9letlen m\u00f3d j\u00f3l ir\u00e1ny\u00edthat\u00f3, k\u00f6nny\u0171 (21,8kg) j\u00e1t\u00e9kos bringa a leger\u0151sebb Shimano motorral, dropperrel, vajpuha, finoman hangolhat\u00f3 fut\u00f3m\u0171vel \u00e9s brut\u00e1lis n\u00e9gydug\u00f3s f\u00e9kekkel. Kem\u00e9nyebb bevet\u00e9seken is gond n\u00e9lk\u00fcl \u00e1llja meg a hely\u00e9t. Igazi \u00e9lm\u00e9ny vele a bring\u00e1z\u00e1s, egyszer\u0171en \u00fagy t\u00f6k\u00e9letes, ahogy van. \u00c1llapota k\u00e9ts\u00e9get kiz\u00e1r\u00f3an gy\u00e1ri, \u00fajszer\u0171.\u2028\u2028\u2028","breadcrumb":{"@id":"https:\/\/budapestkerekpar.hu\/?product=conway-ewme-329-fully-mint-az-uj-uj-ar-15m#breadcrumb"},"inLanguage":"hu","potentialAction":[{"@type":"ReadAction","target":["https:\/\/budapestkerekpar.hu\/?product=conway-ewme-329-fully-mint-az-uj-uj-ar-15m"]}]},{"@type":"ImageObject","inLanguage":"hu","@id":"https:\/\/budapestkerekpar.hu\/?product=conway-ewme-329-fully-mint-az-uj-uj-ar-15m#primaryimage","url":"https:\/\/budapestkerekpar.hu\/wp-content\/uploads\/2024\/01\/budapestkerekpar_conwaywme329_01.jpg","contentUrl":"https:\/\/budapestkerekpar.hu\/wp-content\/uploads\/2024\/01\/budapestkerekpar_conwaywme329_01.jpg","width":1920,"height":1440},{"@type":"BreadcrumbList","@id":"https:\/\/budapestkerekpar.hu\/?product=conway-ewme-329-fully-mint-az-uj-uj-ar-15m#breadcrumb","itemListElement":[{"@type":"ListItem","position":1,"name":"Kezd\u0151lap","item":"https:\/\/budapestkerekpar.hu\/"},{"@type":"ListItem","position":2,"name":"Shop Classic &#8211; Sidebar","item":"https:\/\/budapestkerekpar.hu\/?page_id=2110"},{"@type":"ListItem","position":3,"name":"Conway eWME 329 Fully Mint az \u00faj! \u00daj \u00e1r 1,5M!"}]},{"@type":"WebSite","@id":"https:\/\/budapestkerekpar.hu\/#website","url":"https:\/\/budapestkerekpar.hu\/","name":"Budapest Ker\u00e9kp\u00e1r","description":"Legyen neked is men\u0151 bring\u00e1d!","potentialAction":[{"@type":"SearchAction","target":{"@type":"EntryPoint","urlTemplate":"https:\/\/budapestkerekpar.hu\/?s={search_term_string}"},"query-input":{"@type":"PropertyValueSpecification","valueRequired":true,"valueName":"search_term_string"}}],"inLanguage":"hu"}]}},"_links":{"self":[{"href":"https:\/\/budapestkerekpar.hu\/index.php?rest_route=\/wp\/v2\/product\/5599","targetHints":{"allow":["GET"]}}],"collection":[{"href":"https:\/\/budapestkerekpar.hu\/index.php?rest_route=\/wp\/v2\/product"}],"about":[{"href":"https:\/\/budapestkerekpar.hu\/index.php?rest_route=\/wp\/v2\/types\/product"}],"replies":[{"embeddable":true,"href":"https:\/\/budapestkerekpar.hu\/index.php?rest_route=%2Fwp%2Fv2%2Fcomments&post=5599"}],"wp:featuredmedia":[{"embeddable":true,"href":"https:\/\/budapestkerekpar.hu\/index.php?rest_route=\/wp\/v2\/media\/5402"}],"wp:attachment":[{"href":"https:\/\/budapestkerekpar.hu\/index.php?rest_route=%2Fwp%2Fv2%2Fmedia&parent=5599"}],"wp:term":[{"taxonomy":"product_brand","embeddable":true,"href":"https:\/\/budapestkerekpar.hu\/index.php?rest_route=%2Fwp%2Fv2%2Fproduct_brand&post=5599"},{"taxonomy":"product_cat","embeddable":true,"href":"https:\/\/budapestkerekpar.hu\/index.php?rest_route=%2Fwp%2Fv2%2Fproduct_cat&post=5599"},{"taxonomy":"product_tag","embeddable":true,"href":"https:\/\/budapestkerekpar.hu\/index.php?rest_route=%2Fwp%2Fv2%2Fproduct_tag&post=5599"}],"curies":[{"name":"wp","href":"https:\/\/api.w.org\/{rel}","templated":true}]}}