{"id":6276,"date":"2025-08-21T21:11:00","date_gmt":"2025-08-21T21:11:00","guid":{"rendered":"https:\/\/budapestkerekpar.hu\/?post_type=product&#038;p=6276"},"modified":"2025-09-06T19:43:37","modified_gmt":"2025-09-06T19:43:37","slug":"giant-trance-e-2-pro-fully-ebike-pedelec","status":"publish","type":"product","link":"https:\/\/budapestkerekpar.hu\/?product=giant-trance-e-2-pro-fully-ebike-pedelec","title":{"rendered":"Giant Trance E+ 2 PRO Fully Ebike\/Pedelec"},"content":{"rendered":"<p>Gyorsabb laz\u00e1bb hegymenetek, hosszabb k\u00f6r\u00f6k, m\u00e9g t\u00f6bb sz\u00f3rakoz\u00e1s a traileken, mindez egyetlen napon bel\u00fcl. \u00c9lvezd a szabads\u00e1got, \u00e9s l\u00e9pj szintet a trail ker\u00e9kp\u00e1roz\u00e1sban ezzel a leger\u0151sebb Yamaha motoros, vajpuha mozg\u00e1s\u00fa Fox teleszk\u00f3pokkal, korm\u00e1nyr\u00f3l vez\u00e9relhet\u0151 dropperrel, \u00e9s n\u00e9gy dugatty\u00fas hidraulikus f\u00e9kekkel szerelt elektromos ker\u00e9kp\u00e1rral. A bringa Giant Ride Control-lal \u00e9s egy brut\u00e1lis er\u0151s 1000 lumenes Lezyne Macro Pro l\u00e1mp\u00e1val is fel van szerelve. Teljesen \u00faj Shimano sor, l\u00e1nc, f\u00e9kbet\u00e9tek \u00e9s szint\u00e9n \u00faj Schwalbe gumik vannak rajta, \u00edgy m\u00e9g sok\u00e1ig kop\u00f3alkatr\u00e9szekkel sem kell bajl\u00f3dj.<\/p>\n<p>Egykori \u00faj \u00e1r: 1 887 000.-<\/p>\n<p>V\u00e1zm\u00e9ret: M ( 178 cm-ig t\u00f6k\u00e9letes)<br \/>\nTeleszk\u00f3p: FOX Rhythm 36 Float EVOL 27.5+<br \/>\nRug\u00f3stag: FOX Performance Float DPS, LV EVOL, 3-Pos Lever,<br \/>\nF\u00e9k: Shimano MT520 Deore 4 dugatty\u00fas hidraulikus t\u00e1rcsaf\u00e9k<br \/>\nF\u00e9kkar: Shimano<br \/>\nV\u00e1lt\u00f3: Shimano Deore XT<br \/>\nV\u00e1lt\u00f3kar: Shimano Deore<br \/>\nKer\u00e9kagy: Giant<br \/>\nKer\u00e9km\u00e9ret: 27,5+\u201d<br \/>\nFelni: AM+ duplafal\u00fa szegecslet<br \/>\nGumi: \u00daJ Schwalbe Tough Tom<br \/>\nNyeregcs\u0151: Dropper<br \/>\nVil\u00e1g\u00edt\u00e1s: 1000 lumenes Lezyne Macro Pro<br \/>\nMotor: YAmaha 250W 80Nm<br \/>\nAkkumul\u00e1tor: 500 Wh<br \/>\n\ud83d\udd25 Sz\u00e1ml\u00e1val \u00e9s garanci\u00e1val!<\/p>\n<p>&nbsp;<\/p>\n<p>\ud83d\ude9a Orsz\u00e1gos sz\u00e1ll\u00edt\u00e1s szem\u00e9lyes \u00e1tad\u00e1ssal, a bringa szem\u00e9lyre szabott be\u00e1ll\u00edt\u00e1s\u00e1val megoldhat\u00f3!<\/p>\n<p>\ud83c\udfd9 El\u00e9rhet\u0151 v\u00e1rosok: Budapest, Debrecen, Eger, Szeged, Baja, P\u00e9cs, Sz\u00e9kesfeh\u00e9rv\u00e1r, Gy\u0151r \u00e9s m\u00e9g sok m\u00e1s helysz\u00edn!<\/p>\n<p>\ud83d\udce9 Ne fil\u00f3zz, ne v\u00e1rj \u2013 vidd el, miel\u0151tt m\u00e1s lecsap r\u00e1! \ud83d\ude80<\/p>\n<p>\ud83d\udd25 \u00c1r: 789.000 Ft<\/p>\n<p>\ud83d\udce9 budapestkerekparinfo@gmail.com<\/p>\n<p>\ud83d\udcf1 +36702070883<\/p>\n<p>&nbsp;<\/p>\n","protected":false},"excerpt":{"rendered":"<p>Gyorsabb laz\u00e1bb hegymenetek, hosszabb k\u00f6r\u00f6k, m\u00e9g t\u00f6bb sz\u00f3rakoz\u00e1s a traileken,  [&#8230;]<\/p>\n","protected":false},"featured_media":6245,"comment_status":"open","ping_status":"closed","template":"","meta":{"_bbp_topic_count":0,"_bbp_reply_count":0,"_bbp_total_topic_count":0,"_bbp_total_reply_count":0,"_bbp_voice_count":0,"_bbp_anonymous_reply_count":0,"_bbp_topic_count_hidden":0,"_bbp_reply_count_hidden":0,"_bbp_forum_subforum_count":0,"content-type":""},"product_brand":[],"product_cat":[157,134,86,116],"product_tag":[],"class_list":{"0":"post-6276","1":"product","2":"type-product","3":"status-publish","4":"has-post-thumbnail","6":"product_cat-27-5","7":"product_cat-e-bike","8":"product_cat-ferfi","9":"product_cat-m","11":"first","12":"outofstock","13":"shipping-taxable","14":"purchasable","15":"product-type-simple"},"acf":[],"yoast_head":"<!-- This site is optimized with the Yoast SEO plugin v27.4 - https:\/\/yoast.com\/product\/yoast-seo-wordpress\/ -->\n<title>Giant Trance E+ 2 PRO Fully Ebike\/Pedelec - Budapest Ker\u00e9kp\u00e1r<\/title>\n<meta name=\"description\" content=\"Gyorsabb laz\u00e1bb hegymenetek, hosszabb k\u00f6r\u00f6k, m\u00e9g t\u00f6bb sz\u00f3rakoz\u00e1s a traileken, mindez egyetlen napon bel\u00fcl. \u00c9lvezd a szabads\u00e1got, \u00e9s l\u00e9pj szintet a trail ker\u00e9kp\u00e1roz\u00e1sban ezzel a leger\u0151sebb Yamaha motoros, vajpuha mozg\u00e1s\u00fa Fox teleszk\u00f3pokkal, korm\u00e1nyr\u00f3l vez\u00e9relhet\u0151 dropperrel, \u00e9s n\u00e9gy dugatty\u00fas hidraulikus f\u00e9kekkel szerelt elektromos ker\u00e9kp\u00e1rral. A bringa Giant Ride Control-lal \u00e9s egy brut\u00e1lis er\u0151s 1000 lumenes Lezyne Macro Pro l\u00e1mp\u00e1val is fel van szerelve. Teljesen \u00faj Shimano sor, l\u00e1nc, f\u00e9kbet\u00e9tek \u00e9s szint\u00e9n \u00faj Schwalbe gumik vannak rajta, \u00edgy m\u00e9g sok\u00e1ig kop\u00f3alkatr\u00e9szekkel sem kell bajl\u00f3dj.\" \/>\n<meta name=\"robots\" content=\"index, follow, max-snippet:-1, max-image-preview:large, max-video-preview:-1\" \/>\n<link rel=\"canonical\" href=\"https:\/\/budapestkerekpar.hu\/?product=giant-trance-e-2-pro-fully-ebike-pedelec\" \/>\n<meta property=\"og:locale\" content=\"hu_HU\" \/>\n<meta property=\"og:type\" content=\"article\" \/>\n<meta property=\"og:title\" content=\"Giant Trance E+ 2 PRO Fully Ebike\/Pedelec - Budapest Ker\u00e9kp\u00e1r\" \/>\n<meta property=\"og:description\" content=\"Gyorsabb laz\u00e1bb hegymenetek, hosszabb k\u00f6r\u00f6k, m\u00e9g t\u00f6bb sz\u00f3rakoz\u00e1s a traileken, mindez egyetlen napon bel\u00fcl. \u00c9lvezd a szabads\u00e1got, \u00e9s l\u00e9pj szintet a trail ker\u00e9kp\u00e1roz\u00e1sban ezzel a leger\u0151sebb Yamaha motoros, vajpuha mozg\u00e1s\u00fa Fox teleszk\u00f3pokkal, korm\u00e1nyr\u00f3l vez\u00e9relhet\u0151 dropperrel, \u00e9s n\u00e9gy dugatty\u00fas hidraulikus f\u00e9kekkel szerelt elektromos ker\u00e9kp\u00e1rral. A bringa Giant Ride Control-lal \u00e9s egy brut\u00e1lis er\u0151s 1000 lumenes Lezyne Macro Pro l\u00e1mp\u00e1val is fel van szerelve. Teljesen \u00faj Shimano sor, l\u00e1nc, f\u00e9kbet\u00e9tek \u00e9s szint\u00e9n \u00faj Schwalbe gumik vannak rajta, \u00edgy m\u00e9g sok\u00e1ig kop\u00f3alkatr\u00e9szekkel sem kell bajl\u00f3dj.\" \/>\n<meta property=\"og:url\" content=\"https:\/\/budapestkerekpar.hu\/?product=giant-trance-e-2-pro-fully-ebike-pedelec\" \/>\n<meta property=\"og:site_name\" content=\"Budapest Ker\u00e9kp\u00e1r\" \/>\n<meta property=\"article:modified_time\" content=\"2025-09-06T19:43:37+00:00\" \/>\n<meta property=\"og:image\" content=\"http:\/\/budapestkerekpar.hu\/wp-content\/uploads\/2025\/08\/budapestkerekpar_gianttrancee_001.jpg\" \/>\n\t<meta property=\"og:image:width\" content=\"1920\" \/>\n\t<meta property=\"og:image:height\" content=\"1440\" \/>\n\t<meta property=\"og:image:type\" content=\"image\/jpeg\" \/>\n<meta name=\"twitter:card\" content=\"summary_large_image\" \/>\n<meta name=\"twitter:label1\" content=\"Becs\u00fclt olvas\u00e1si id\u0151\" \/>\n\t<meta name=\"twitter:data1\" content=\"2 perc\" \/>\n<script type=\"application\/ld+json\" class=\"yoast-schema-graph\">{\"@context\":\"https:\\\/\\\/schema.org\",\"@graph\":[{\"@type\":\"WebPage\",\"@id\":\"https:\\\/\\\/budapestkerekpar.hu\\\/?product=giant-trance-e-2-pro-fully-ebike-pedelec\",\"url\":\"https:\\\/\\\/budapestkerekpar.hu\\\/?product=giant-trance-e-2-pro-fully-ebike-pedelec\",\"name\":\"Giant Trance E+ 2 PRO Fully Ebike\\\/Pedelec - Budapest Ker\u00e9kp\u00e1r\",\"isPartOf\":{\"@id\":\"https:\\\/\\\/budapestkerekpar.hu\\\/#website\"},\"primaryImageOfPage\":{\"@id\":\"https:\\\/\\\/budapestkerekpar.hu\\\/?product=giant-trance-e-2-pro-fully-ebike-pedelec#primaryimage\"},\"image\":{\"@id\":\"https:\\\/\\\/budapestkerekpar.hu\\\/?product=giant-trance-e-2-pro-fully-ebike-pedelec#primaryimage\"},\"thumbnailUrl\":\"https:\\\/\\\/budapestkerekpar.hu\\\/wp-content\\\/uploads\\\/2025\\\/08\\\/budapestkerekpar_gianttrancee_001.jpg\",\"datePublished\":\"2025-08-21T21:11:00+00:00\",\"dateModified\":\"2025-09-06T19:43:37+00:00\",\"description\":\"Gyorsabb laz\u00e1bb hegymenetek, hosszabb k\u00f6r\u00f6k, m\u00e9g t\u00f6bb sz\u00f3rakoz\u00e1s a traileken, mindez egyetlen napon bel\u00fcl. \u00c9lvezd a szabads\u00e1got, \u00e9s l\u00e9pj szintet a trail ker\u00e9kp\u00e1roz\u00e1sban ezzel a leger\u0151sebb Yamaha motoros, vajpuha mozg\u00e1s\u00fa Fox teleszk\u00f3pokkal, korm\u00e1nyr\u00f3l vez\u00e9relhet\u0151 dropperrel, \u00e9s n\u00e9gy dugatty\u00fas hidraulikus f\u00e9kekkel szerelt elektromos ker\u00e9kp\u00e1rral. A bringa Giant Ride Control-lal \u00e9s egy brut\u00e1lis er\u0151s 1000 lumenes Lezyne Macro Pro l\u00e1mp\u00e1val is fel van szerelve. Teljesen \u00faj Shimano sor, l\u00e1nc, f\u00e9kbet\u00e9tek \u00e9s szint\u00e9n \u00faj Schwalbe gumik vannak rajta, \u00edgy m\u00e9g sok\u00e1ig kop\u00f3alkatr\u00e9szekkel sem kell bajl\u00f3dj.\",\"breadcrumb\":{\"@id\":\"https:\\\/\\\/budapestkerekpar.hu\\\/?product=giant-trance-e-2-pro-fully-ebike-pedelec#breadcrumb\"},\"inLanguage\":\"hu\",\"potentialAction\":[{\"@type\":\"ReadAction\",\"target\":[\"https:\\\/\\\/budapestkerekpar.hu\\\/?product=giant-trance-e-2-pro-fully-ebike-pedelec\"]}]},{\"@type\":\"ImageObject\",\"inLanguage\":\"hu\",\"@id\":\"https:\\\/\\\/budapestkerekpar.hu\\\/?product=giant-trance-e-2-pro-fully-ebike-pedelec#primaryimage\",\"url\":\"https:\\\/\\\/budapestkerekpar.hu\\\/wp-content\\\/uploads\\\/2025\\\/08\\\/budapestkerekpar_gianttrancee_001.jpg\",\"contentUrl\":\"https:\\\/\\\/budapestkerekpar.hu\\\/wp-content\\\/uploads\\\/2025\\\/08\\\/budapestkerekpar_gianttrancee_001.jpg\",\"width\":1920,\"height\":1440},{\"@type\":\"BreadcrumbList\",\"@id\":\"https:\\\/\\\/budapestkerekpar.hu\\\/?product=giant-trance-e-2-pro-fully-ebike-pedelec#breadcrumb\",\"itemListElement\":[{\"@type\":\"ListItem\",\"position\":1,\"name\":\"Kezd\u0151lap\",\"item\":\"https:\\\/\\\/budapestkerekpar.hu\\\/\"},{\"@type\":\"ListItem\",\"position\":2,\"name\":\"Shop Classic &#8211; Sidebar\",\"item\":\"https:\\\/\\\/budapestkerekpar.hu\\\/?page_id=2110\"},{\"@type\":\"ListItem\",\"position\":3,\"name\":\"Giant Trance E+ 2 PRO Fully Ebike\\\/Pedelec\"}]},{\"@type\":\"WebSite\",\"@id\":\"https:\\\/\\\/budapestkerekpar.hu\\\/#website\",\"url\":\"https:\\\/\\\/budapestkerekpar.hu\\\/\",\"name\":\"Budapest Ker\u00e9kp\u00e1r\",\"description\":\"Legyen neked is men\u0151 bring\u00e1d!\",\"potentialAction\":[{\"@type\":\"SearchAction\",\"target\":{\"@type\":\"EntryPoint\",\"urlTemplate\":\"https:\\\/\\\/budapestkerekpar.hu\\\/?s={search_term_string}\"},\"query-input\":{\"@type\":\"PropertyValueSpecification\",\"valueRequired\":true,\"valueName\":\"search_term_string\"}}],\"inLanguage\":\"hu\"}]}<\/script>\n<!-- \/ Yoast SEO plugin. -->","yoast_head_json":{"title":"Giant Trance E+ 2 PRO Fully Ebike\/Pedelec - Budapest Ker\u00e9kp\u00e1r","description":"Gyorsabb laz\u00e1bb hegymenetek, hosszabb k\u00f6r\u00f6k, m\u00e9g t\u00f6bb sz\u00f3rakoz\u00e1s a traileken, mindez egyetlen napon bel\u00fcl. \u00c9lvezd a szabads\u00e1got, \u00e9s l\u00e9pj szintet a trail ker\u00e9kp\u00e1roz\u00e1sban ezzel a leger\u0151sebb Yamaha motoros, vajpuha mozg\u00e1s\u00fa Fox teleszk\u00f3pokkal, korm\u00e1nyr\u00f3l vez\u00e9relhet\u0151 dropperrel, \u00e9s n\u00e9gy dugatty\u00fas hidraulikus f\u00e9kekkel szerelt elektromos ker\u00e9kp\u00e1rral. A bringa Giant Ride Control-lal \u00e9s egy brut\u00e1lis er\u0151s 1000 lumenes Lezyne Macro Pro l\u00e1mp\u00e1val is fel van szerelve. Teljesen \u00faj Shimano sor, l\u00e1nc, f\u00e9kbet\u00e9tek \u00e9s szint\u00e9n \u00faj Schwalbe gumik vannak rajta, \u00edgy m\u00e9g sok\u00e1ig kop\u00f3alkatr\u00e9szekkel sem kell bajl\u00f3dj.","robots":{"index":"index","follow":"follow","max-snippet":"max-snippet:-1","max-image-preview":"max-image-preview:large","max-video-preview":"max-video-preview:-1"},"canonical":"https:\/\/budapestkerekpar.hu\/?product=giant-trance-e-2-pro-fully-ebike-pedelec","og_locale":"hu_HU","og_type":"article","og_title":"Giant Trance E+ 2 PRO Fully Ebike\/Pedelec - Budapest Ker\u00e9kp\u00e1r","og_description":"Gyorsabb laz\u00e1bb hegymenetek, hosszabb k\u00f6r\u00f6k, m\u00e9g t\u00f6bb sz\u00f3rakoz\u00e1s a traileken, mindez egyetlen napon bel\u00fcl. \u00c9lvezd a szabads\u00e1got, \u00e9s l\u00e9pj szintet a trail ker\u00e9kp\u00e1roz\u00e1sban ezzel a leger\u0151sebb Yamaha motoros, vajpuha mozg\u00e1s\u00fa Fox teleszk\u00f3pokkal, korm\u00e1nyr\u00f3l vez\u00e9relhet\u0151 dropperrel, \u00e9s n\u00e9gy dugatty\u00fas hidraulikus f\u00e9kekkel szerelt elektromos ker\u00e9kp\u00e1rral. A bringa Giant Ride Control-lal \u00e9s egy brut\u00e1lis er\u0151s 1000 lumenes Lezyne Macro Pro l\u00e1mp\u00e1val is fel van szerelve. Teljesen \u00faj Shimano sor, l\u00e1nc, f\u00e9kbet\u00e9tek \u00e9s szint\u00e9n \u00faj Schwalbe gumik vannak rajta, \u00edgy m\u00e9g sok\u00e1ig kop\u00f3alkatr\u00e9szekkel sem kell bajl\u00f3dj.","og_url":"https:\/\/budapestkerekpar.hu\/?product=giant-trance-e-2-pro-fully-ebike-pedelec","og_site_name":"Budapest Ker\u00e9kp\u00e1r","article_modified_time":"2025-09-06T19:43:37+00:00","og_image":[{"width":1920,"height":1440,"url":"http:\/\/budapestkerekpar.hu\/wp-content\/uploads\/2025\/08\/budapestkerekpar_gianttrancee_001.jpg","type":"image\/jpeg"}],"twitter_card":"summary_large_image","twitter_misc":{"Becs\u00fclt olvas\u00e1si id\u0151":"2 perc"},"schema":{"@context":"https:\/\/schema.org","@graph":[{"@type":"WebPage","@id":"https:\/\/budapestkerekpar.hu\/?product=giant-trance-e-2-pro-fully-ebike-pedelec","url":"https:\/\/budapestkerekpar.hu\/?product=giant-trance-e-2-pro-fully-ebike-pedelec","name":"Giant Trance E+ 2 PRO Fully Ebike\/Pedelec - Budapest Ker\u00e9kp\u00e1r","isPartOf":{"@id":"https:\/\/budapestkerekpar.hu\/#website"},"primaryImageOfPage":{"@id":"https:\/\/budapestkerekpar.hu\/?product=giant-trance-e-2-pro-fully-ebike-pedelec#primaryimage"},"image":{"@id":"https:\/\/budapestkerekpar.hu\/?product=giant-trance-e-2-pro-fully-ebike-pedelec#primaryimage"},"thumbnailUrl":"https:\/\/budapestkerekpar.hu\/wp-content\/uploads\/2025\/08\/budapestkerekpar_gianttrancee_001.jpg","datePublished":"2025-08-21T21:11:00+00:00","dateModified":"2025-09-06T19:43:37+00:00","description":"Gyorsabb laz\u00e1bb hegymenetek, hosszabb k\u00f6r\u00f6k, m\u00e9g t\u00f6bb sz\u00f3rakoz\u00e1s a traileken, mindez egyetlen napon bel\u00fcl. \u00c9lvezd a szabads\u00e1got, \u00e9s l\u00e9pj szintet a trail ker\u00e9kp\u00e1roz\u00e1sban ezzel a leger\u0151sebb Yamaha motoros, vajpuha mozg\u00e1s\u00fa Fox teleszk\u00f3pokkal, korm\u00e1nyr\u00f3l vez\u00e9relhet\u0151 dropperrel, \u00e9s n\u00e9gy dugatty\u00fas hidraulikus f\u00e9kekkel szerelt elektromos ker\u00e9kp\u00e1rral. A bringa Giant Ride Control-lal \u00e9s egy brut\u00e1lis er\u0151s 1000 lumenes Lezyne Macro Pro l\u00e1mp\u00e1val is fel van szerelve. Teljesen \u00faj Shimano sor, l\u00e1nc, f\u00e9kbet\u00e9tek \u00e9s szint\u00e9n \u00faj Schwalbe gumik vannak rajta, \u00edgy m\u00e9g sok\u00e1ig kop\u00f3alkatr\u00e9szekkel sem kell bajl\u00f3dj.","breadcrumb":{"@id":"https:\/\/budapestkerekpar.hu\/?product=giant-trance-e-2-pro-fully-ebike-pedelec#breadcrumb"},"inLanguage":"hu","potentialAction":[{"@type":"ReadAction","target":["https:\/\/budapestkerekpar.hu\/?product=giant-trance-e-2-pro-fully-ebike-pedelec"]}]},{"@type":"ImageObject","inLanguage":"hu","@id":"https:\/\/budapestkerekpar.hu\/?product=giant-trance-e-2-pro-fully-ebike-pedelec#primaryimage","url":"https:\/\/budapestkerekpar.hu\/wp-content\/uploads\/2025\/08\/budapestkerekpar_gianttrancee_001.jpg","contentUrl":"https:\/\/budapestkerekpar.hu\/wp-content\/uploads\/2025\/08\/budapestkerekpar_gianttrancee_001.jpg","width":1920,"height":1440},{"@type":"BreadcrumbList","@id":"https:\/\/budapestkerekpar.hu\/?product=giant-trance-e-2-pro-fully-ebike-pedelec#breadcrumb","itemListElement":[{"@type":"ListItem","position":1,"name":"Kezd\u0151lap","item":"https:\/\/budapestkerekpar.hu\/"},{"@type":"ListItem","position":2,"name":"Shop Classic &#8211; Sidebar","item":"https:\/\/budapestkerekpar.hu\/?page_id=2110"},{"@type":"ListItem","position":3,"name":"Giant Trance E+ 2 PRO Fully Ebike\/Pedelec"}]},{"@type":"WebSite","@id":"https:\/\/budapestkerekpar.hu\/#website","url":"https:\/\/budapestkerekpar.hu\/","name":"Budapest Ker\u00e9kp\u00e1r","description":"Legyen neked is men\u0151 bring\u00e1d!","potentialAction":[{"@type":"SearchAction","target":{"@type":"EntryPoint","urlTemplate":"https:\/\/budapestkerekpar.hu\/?s={search_term_string}"},"query-input":{"@type":"PropertyValueSpecification","valueRequired":true,"valueName":"search_term_string"}}],"inLanguage":"hu"}]}},"_links":{"self":[{"href":"https:\/\/budapestkerekpar.hu\/index.php?rest_route=\/wp\/v2\/product\/6276","targetHints":{"allow":["GET"]}}],"collection":[{"href":"https:\/\/budapestkerekpar.hu\/index.php?rest_route=\/wp\/v2\/product"}],"about":[{"href":"https:\/\/budapestkerekpar.hu\/index.php?rest_route=\/wp\/v2\/types\/product"}],"replies":[{"embeddable":true,"href":"https:\/\/budapestkerekpar.hu\/index.php?rest_route=%2Fwp%2Fv2%2Fcomments&post=6276"}],"wp:featuredmedia":[{"embeddable":true,"href":"https:\/\/budapestkerekpar.hu\/index.php?rest_route=\/wp\/v2\/media\/6245"}],"wp:attachment":[{"href":"https:\/\/budapestkerekpar.hu\/index.php?rest_route=%2Fwp%2Fv2%2Fmedia&parent=6276"}],"wp:term":[{"taxonomy":"product_brand","embeddable":true,"href":"https:\/\/budapestkerekpar.hu\/index.php?rest_route=%2Fwp%2Fv2%2Fproduct_brand&post=6276"},{"taxonomy":"product_cat","embeddable":true,"href":"https:\/\/budapestkerekpar.hu\/index.php?rest_route=%2Fwp%2Fv2%2Fproduct_cat&post=6276"},{"taxonomy":"product_tag","embeddable":true,"href":"https:\/\/budapestkerekpar.hu\/index.php?rest_route=%2Fwp%2Fv2%2Fproduct_tag&post=6276"}],"curies":[{"name":"wp","href":"https:\/\/api.w.org\/{rel}","templated":true}]}}