{"id":6408,"date":"2025-09-25T16:46:54","date_gmt":"2025-09-25T16:46:54","guid":{"rendered":"https:\/\/budapestkerekpar.hu\/?post_type=product&#038;p=6408"},"modified":"2026-02-26T12:14:51","modified_gmt":"2026-02-26T12:14:51","slug":"haibike-sduro-hardfour-life-24-e-bike-pedelec-vagany-gyerekeknek","status":"publish","type":"product","link":"https:\/\/budapestkerekpar.hu\/?product=haibike-sduro-hardfour-life-24-e-bike-pedelec-vagany-gyerekeknek","title":{"rendered":"HAIBIKE\u00a0SDURO HardFour Life 24\u201d E-Bike\/Pedelec vag\u00e1ny gyerekeknek"},"content":{"rendered":"<p>HAIBIKE\u00a0SDURO HardFour Life 24\u201d E-Bike\/Pedelec vag\u00e1ny gyerekeknek<\/p>\n<p>Ha m\u00e1r unod, hogy mindig te cipeled a gyereket, vagy csak hosszabb \u00fatra induln\u00e1tok egy\u00fctt, akkor t\u00f6k\u00e9letes v\u00e1laszt\u00e1s ez a 24\u201d elektromos Haibike.<br \/>\n\u00cdgy \u0151 lehet a leggyorsabb \u00e9s a legvag\u00e1nyabb!<\/p>\n<p>K\u00f6lts\u00e9gmentes \u00e1llapotban!<\/p>\n<p>V\u00e1zm\u00e9ret: 34 cm<br \/>\nTeleszk\u00f3p: Suntour XCR Air RL-R<br \/>\nF\u00e9k: Tektro Auriga hidraulikus t\u00e1rcsaf\u00e9k<br \/>\nF\u00e9kkar: Tektro Auriga<br \/>\nV\u00e1lt\u00f3: Shimano Acera 8 sebess\u00e9ges<br \/>\nV\u00e1lt\u00f3kar: Shimano<br \/>\nKer\u00e9kagy: Shimano<br \/>\nKer\u00e9km\u00e9ret: 24\u201d<br \/>\nFelni: Haibike Sduro Duplafal\u00fa<br \/>\nGumi: Schwalbe Table Top<br \/>\nKorm\u00e1nysz\u00e1r \/ Stucni: Haibike<br \/>\nNyereg: Haibike<br \/>\nMotor: Yamaha<br \/>\nAkkumul\u00e1tor: 400 Wh<\/p>\n<p>&nbsp;<\/p>\n<p>\ud83d\udd25 Sz\u00e1ml\u00e1val \u00e9s garanci\u00e1val, Bosch m\u00e1rkaszerv\u00edzb\u0151l!<\/p>\n<p>\ud83d\ude9a Orsz\u00e1gos sz\u00e1ll\u00edt\u00e1s szem\u00e9lyes \u00e1tad\u00e1ssal, a bringa szem\u00e9lyre szabott be\u00e1ll\u00edt\u00e1s\u00e1val megoldhat\u00f3!<\/p>\n<p>\ud83c\udfd9 El\u00e9rhet\u0151 v\u00e1rosok: Budapest, Debrecen, Eger, Szeged, Baja, P\u00e9cs, Sz\u00e9kesfeh\u00e9rv\u00e1r, Gy\u0151r \u00e9s m\u00e9g sok m\u00e1s helysz\u00edn!<\/p>\n<p>\ud83d\udce9 Ne fil\u00f3zz, ne v\u00e1rj \u2013 vidd el, miel\u0151tt m\u00e1s lecsap r\u00e1! \ud83d\ude80<\/p>\n<p>\ud83d\udd25 \u00c1r: 389.000 Ft<\/p>\n<p>\ud83d\udce9 budapestkerekparinfo@gmail.com<\/p>\n<p>\ud83d\udcf1 +36702070883<\/p>\n<p>&nbsp;<\/p>\n","protected":false},"excerpt":{"rendered":"<p>HAIBIKE\u00a0SDURO HardFour Life 24\u201d E-Bike\/Pedelec vag\u00e1ny gyerekeknek Ha m\u00e1r unod,  [&#8230;]<\/p>\n","protected":false},"featured_media":6397,"comment_status":"open","ping_status":"closed","template":"","meta":{"_bbp_topic_count":0,"_bbp_reply_count":0,"_bbp_total_topic_count":0,"_bbp_total_reply_count":0,"_bbp_voice_count":0,"_bbp_anonymous_reply_count":0,"_bbp_topic_count_hidden":0,"_bbp_reply_count_hidden":0,"_bbp_forum_subforum_count":0,"content-type":""},"product_brand":[],"product_cat":[202,134,199,168],"product_tag":[],"class_list":{"0":"post-6408","1":"product","2":"type-product","3":"status-publish","4":"has-post-thumbnail","6":"product_cat-202","7":"product_cat-e-bike","8":"product_cat-gyerek","9":"product_cat-xs","11":"first","12":"outofstock","13":"shipping-taxable","14":"purchasable","15":"product-type-simple"},"acf":[],"yoast_head":"<!-- This site is optimized with the Yoast SEO plugin v27.4 - https:\/\/yoast.com\/product\/yoast-seo-wordpress\/ -->\n<title>HAIBIKE\u00a0SDURO HardFour Life 24\u201d E-Bike\/Pedelec vag\u00e1ny gyerekeknek - Budapest Ker\u00e9kp\u00e1r<\/title>\n<meta name=\"description\" content=\"Ha m\u00e1r unod, hogy mindig te cipeled a gyereket, vagy csak hosszabb \u00fatra induln\u00e1tok egy\u00fctt, akkor t\u00f6k\u00e9letes v\u00e1laszt\u00e1s ez a 24\u201d elektromos Haibike.\u00cdgy \u0151 lehet a leggyorsabb \u00e9s a legvag\u00e1nyabb!K\u00f6lts\u00e9gmentes \u00e1llapotban!\" \/>\n<meta name=\"robots\" content=\"index, follow, max-snippet:-1, max-image-preview:large, max-video-preview:-1\" \/>\n<link rel=\"canonical\" href=\"https:\/\/budapestkerekpar.hu\/?product=haibike-sduro-hardfour-life-24-e-bike-pedelec-vagany-gyerekeknek\" \/>\n<meta property=\"og:locale\" content=\"hu_HU\" \/>\n<meta property=\"og:type\" content=\"article\" \/>\n<meta property=\"og:title\" content=\"HAIBIKE\u00a0SDURO HardFour Life 24\u201d E-Bike\/Pedelec vag\u00e1ny gyerekeknek - Budapest Ker\u00e9kp\u00e1r\" \/>\n<meta property=\"og:description\" content=\"Ha m\u00e1r unod, hogy mindig te cipeled a gyereket, vagy csak hosszabb \u00fatra induln\u00e1tok egy\u00fctt, akkor t\u00f6k\u00e9letes v\u00e1laszt\u00e1s ez a 24\u201d elektromos Haibike.\u00cdgy \u0151 lehet a leggyorsabb \u00e9s a legvag\u00e1nyabb!K\u00f6lts\u00e9gmentes \u00e1llapotban!\" \/>\n<meta property=\"og:url\" content=\"https:\/\/budapestkerekpar.hu\/?product=haibike-sduro-hardfour-life-24-e-bike-pedelec-vagany-gyerekeknek\" \/>\n<meta property=\"og:site_name\" content=\"Budapest Ker\u00e9kp\u00e1r\" \/>\n<meta property=\"article:modified_time\" content=\"2026-02-26T12:14:51+00:00\" \/>\n<meta property=\"og:image\" content=\"http:\/\/budapestkerekpar.hu\/wp-content\/uploads\/2025\/09\/budapestkerekpar_haibikesdurohsrdfourlife24_001.jpg\" \/>\n\t<meta property=\"og:image:width\" content=\"1920\" \/>\n\t<meta property=\"og:image:height\" content=\"1440\" \/>\n\t<meta property=\"og:image:type\" content=\"image\/jpeg\" \/>\n<meta name=\"twitter:card\" content=\"summary_large_image\" \/>\n<meta name=\"twitter:label1\" content=\"Becs\u00fclt olvas\u00e1si id\u0151\" \/>\n\t<meta name=\"twitter:data1\" content=\"1 perc\" \/>\n<script type=\"application\/ld+json\" class=\"yoast-schema-graph\">{\"@context\":\"https:\\\/\\\/schema.org\",\"@graph\":[{\"@type\":\"WebPage\",\"@id\":\"https:\\\/\\\/budapestkerekpar.hu\\\/?product=haibike-sduro-hardfour-life-24-e-bike-pedelec-vagany-gyerekeknek\",\"url\":\"https:\\\/\\\/budapestkerekpar.hu\\\/?product=haibike-sduro-hardfour-life-24-e-bike-pedelec-vagany-gyerekeknek\",\"name\":\"HAIBIKE\u00a0SDURO HardFour Life 24\u201d E-Bike\\\/Pedelec vag\u00e1ny gyerekeknek - Budapest Ker\u00e9kp\u00e1r\",\"isPartOf\":{\"@id\":\"https:\\\/\\\/budapestkerekpar.hu\\\/#website\"},\"primaryImageOfPage\":{\"@id\":\"https:\\\/\\\/budapestkerekpar.hu\\\/?product=haibike-sduro-hardfour-life-24-e-bike-pedelec-vagany-gyerekeknek#primaryimage\"},\"image\":{\"@id\":\"https:\\\/\\\/budapestkerekpar.hu\\\/?product=haibike-sduro-hardfour-life-24-e-bike-pedelec-vagany-gyerekeknek#primaryimage\"},\"thumbnailUrl\":\"https:\\\/\\\/budapestkerekpar.hu\\\/wp-content\\\/uploads\\\/2025\\\/09\\\/budapestkerekpar_haibikesdurohsrdfourlife24_001.jpg\",\"datePublished\":\"2025-09-25T16:46:54+00:00\",\"dateModified\":\"2026-02-26T12:14:51+00:00\",\"description\":\"Ha m\u00e1r unod, hogy mindig te cipeled a gyereket, vagy csak hosszabb \u00fatra induln\u00e1tok egy\u00fctt, akkor t\u00f6k\u00e9letes v\u00e1laszt\u00e1s ez a 24\u201d elektromos Haibike.\u00cdgy \u0151 lehet a leggyorsabb \u00e9s a legvag\u00e1nyabb!K\u00f6lts\u00e9gmentes \u00e1llapotban!\",\"breadcrumb\":{\"@id\":\"https:\\\/\\\/budapestkerekpar.hu\\\/?product=haibike-sduro-hardfour-life-24-e-bike-pedelec-vagany-gyerekeknek#breadcrumb\"},\"inLanguage\":\"hu\",\"potentialAction\":[{\"@type\":\"ReadAction\",\"target\":[\"https:\\\/\\\/budapestkerekpar.hu\\\/?product=haibike-sduro-hardfour-life-24-e-bike-pedelec-vagany-gyerekeknek\"]}]},{\"@type\":\"ImageObject\",\"inLanguage\":\"hu\",\"@id\":\"https:\\\/\\\/budapestkerekpar.hu\\\/?product=haibike-sduro-hardfour-life-24-e-bike-pedelec-vagany-gyerekeknek#primaryimage\",\"url\":\"https:\\\/\\\/budapestkerekpar.hu\\\/wp-content\\\/uploads\\\/2025\\\/09\\\/budapestkerekpar_haibikesdurohsrdfourlife24_001.jpg\",\"contentUrl\":\"https:\\\/\\\/budapestkerekpar.hu\\\/wp-content\\\/uploads\\\/2025\\\/09\\\/budapestkerekpar_haibikesdurohsrdfourlife24_001.jpg\",\"width\":1920,\"height\":1440},{\"@type\":\"BreadcrumbList\",\"@id\":\"https:\\\/\\\/budapestkerekpar.hu\\\/?product=haibike-sduro-hardfour-life-24-e-bike-pedelec-vagany-gyerekeknek#breadcrumb\",\"itemListElement\":[{\"@type\":\"ListItem\",\"position\":1,\"name\":\"Kezd\u0151lap\",\"item\":\"https:\\\/\\\/budapestkerekpar.hu\\\/\"},{\"@type\":\"ListItem\",\"position\":2,\"name\":\"Shop Classic &#8211; Sidebar\",\"item\":\"https:\\\/\\\/budapestkerekpar.hu\\\/?page_id=2110\"},{\"@type\":\"ListItem\",\"position\":3,\"name\":\"HAIBIKE\u00a0SDURO HardFour Life 24\u201d E-Bike\\\/Pedelec vag\u00e1ny gyerekeknek\"}]},{\"@type\":\"WebSite\",\"@id\":\"https:\\\/\\\/budapestkerekpar.hu\\\/#website\",\"url\":\"https:\\\/\\\/budapestkerekpar.hu\\\/\",\"name\":\"Budapest Ker\u00e9kp\u00e1r\",\"description\":\"Legyen neked is men\u0151 bring\u00e1d!\",\"potentialAction\":[{\"@type\":\"SearchAction\",\"target\":{\"@type\":\"EntryPoint\",\"urlTemplate\":\"https:\\\/\\\/budapestkerekpar.hu\\\/?s={search_term_string}\"},\"query-input\":{\"@type\":\"PropertyValueSpecification\",\"valueRequired\":true,\"valueName\":\"search_term_string\"}}],\"inLanguage\":\"hu\"}]}<\/script>\n<!-- \/ Yoast SEO plugin. -->","yoast_head_json":{"title":"HAIBIKE\u00a0SDURO HardFour Life 24\u201d E-Bike\/Pedelec vag\u00e1ny gyerekeknek - Budapest Ker\u00e9kp\u00e1r","description":"Ha m\u00e1r unod, hogy mindig te cipeled a gyereket, vagy csak hosszabb \u00fatra induln\u00e1tok egy\u00fctt, akkor t\u00f6k\u00e9letes v\u00e1laszt\u00e1s ez a 24\u201d elektromos Haibike.\u00cdgy \u0151 lehet a leggyorsabb \u00e9s a legvag\u00e1nyabb!K\u00f6lts\u00e9gmentes \u00e1llapotban!","robots":{"index":"index","follow":"follow","max-snippet":"max-snippet:-1","max-image-preview":"max-image-preview:large","max-video-preview":"max-video-preview:-1"},"canonical":"https:\/\/budapestkerekpar.hu\/?product=haibike-sduro-hardfour-life-24-e-bike-pedelec-vagany-gyerekeknek","og_locale":"hu_HU","og_type":"article","og_title":"HAIBIKE\u00a0SDURO HardFour Life 24\u201d E-Bike\/Pedelec vag\u00e1ny gyerekeknek - Budapest Ker\u00e9kp\u00e1r","og_description":"Ha m\u00e1r unod, hogy mindig te cipeled a gyereket, vagy csak hosszabb \u00fatra induln\u00e1tok egy\u00fctt, akkor t\u00f6k\u00e9letes v\u00e1laszt\u00e1s ez a 24\u201d elektromos Haibike.\u00cdgy \u0151 lehet a leggyorsabb \u00e9s a legvag\u00e1nyabb!K\u00f6lts\u00e9gmentes \u00e1llapotban!","og_url":"https:\/\/budapestkerekpar.hu\/?product=haibike-sduro-hardfour-life-24-e-bike-pedelec-vagany-gyerekeknek","og_site_name":"Budapest Ker\u00e9kp\u00e1r","article_modified_time":"2026-02-26T12:14:51+00:00","og_image":[{"width":1920,"height":1440,"url":"http:\/\/budapestkerekpar.hu\/wp-content\/uploads\/2025\/09\/budapestkerekpar_haibikesdurohsrdfourlife24_001.jpg","type":"image\/jpeg"}],"twitter_card":"summary_large_image","twitter_misc":{"Becs\u00fclt olvas\u00e1si id\u0151":"1 perc"},"schema":{"@context":"https:\/\/schema.org","@graph":[{"@type":"WebPage","@id":"https:\/\/budapestkerekpar.hu\/?product=haibike-sduro-hardfour-life-24-e-bike-pedelec-vagany-gyerekeknek","url":"https:\/\/budapestkerekpar.hu\/?product=haibike-sduro-hardfour-life-24-e-bike-pedelec-vagany-gyerekeknek","name":"HAIBIKE\u00a0SDURO HardFour Life 24\u201d E-Bike\/Pedelec vag\u00e1ny gyerekeknek - Budapest Ker\u00e9kp\u00e1r","isPartOf":{"@id":"https:\/\/budapestkerekpar.hu\/#website"},"primaryImageOfPage":{"@id":"https:\/\/budapestkerekpar.hu\/?product=haibike-sduro-hardfour-life-24-e-bike-pedelec-vagany-gyerekeknek#primaryimage"},"image":{"@id":"https:\/\/budapestkerekpar.hu\/?product=haibike-sduro-hardfour-life-24-e-bike-pedelec-vagany-gyerekeknek#primaryimage"},"thumbnailUrl":"https:\/\/budapestkerekpar.hu\/wp-content\/uploads\/2025\/09\/budapestkerekpar_haibikesdurohsrdfourlife24_001.jpg","datePublished":"2025-09-25T16:46:54+00:00","dateModified":"2026-02-26T12:14:51+00:00","description":"Ha m\u00e1r unod, hogy mindig te cipeled a gyereket, vagy csak hosszabb \u00fatra induln\u00e1tok egy\u00fctt, akkor t\u00f6k\u00e9letes v\u00e1laszt\u00e1s ez a 24\u201d elektromos Haibike.\u00cdgy \u0151 lehet a leggyorsabb \u00e9s a legvag\u00e1nyabb!K\u00f6lts\u00e9gmentes \u00e1llapotban!","breadcrumb":{"@id":"https:\/\/budapestkerekpar.hu\/?product=haibike-sduro-hardfour-life-24-e-bike-pedelec-vagany-gyerekeknek#breadcrumb"},"inLanguage":"hu","potentialAction":[{"@type":"ReadAction","target":["https:\/\/budapestkerekpar.hu\/?product=haibike-sduro-hardfour-life-24-e-bike-pedelec-vagany-gyerekeknek"]}]},{"@type":"ImageObject","inLanguage":"hu","@id":"https:\/\/budapestkerekpar.hu\/?product=haibike-sduro-hardfour-life-24-e-bike-pedelec-vagany-gyerekeknek#primaryimage","url":"https:\/\/budapestkerekpar.hu\/wp-content\/uploads\/2025\/09\/budapestkerekpar_haibikesdurohsrdfourlife24_001.jpg","contentUrl":"https:\/\/budapestkerekpar.hu\/wp-content\/uploads\/2025\/09\/budapestkerekpar_haibikesdurohsrdfourlife24_001.jpg","width":1920,"height":1440},{"@type":"BreadcrumbList","@id":"https:\/\/budapestkerekpar.hu\/?product=haibike-sduro-hardfour-life-24-e-bike-pedelec-vagany-gyerekeknek#breadcrumb","itemListElement":[{"@type":"ListItem","position":1,"name":"Kezd\u0151lap","item":"https:\/\/budapestkerekpar.hu\/"},{"@type":"ListItem","position":2,"name":"Shop Classic &#8211; Sidebar","item":"https:\/\/budapestkerekpar.hu\/?page_id=2110"},{"@type":"ListItem","position":3,"name":"HAIBIKE\u00a0SDURO HardFour Life 24\u201d E-Bike\/Pedelec vag\u00e1ny gyerekeknek"}]},{"@type":"WebSite","@id":"https:\/\/budapestkerekpar.hu\/#website","url":"https:\/\/budapestkerekpar.hu\/","name":"Budapest Ker\u00e9kp\u00e1r","description":"Legyen neked is men\u0151 bring\u00e1d!","potentialAction":[{"@type":"SearchAction","target":{"@type":"EntryPoint","urlTemplate":"https:\/\/budapestkerekpar.hu\/?s={search_term_string}"},"query-input":{"@type":"PropertyValueSpecification","valueRequired":true,"valueName":"search_term_string"}}],"inLanguage":"hu"}]}},"_links":{"self":[{"href":"https:\/\/budapestkerekpar.hu\/index.php?rest_route=\/wp\/v2\/product\/6408","targetHints":{"allow":["GET"]}}],"collection":[{"href":"https:\/\/budapestkerekpar.hu\/index.php?rest_route=\/wp\/v2\/product"}],"about":[{"href":"https:\/\/budapestkerekpar.hu\/index.php?rest_route=\/wp\/v2\/types\/product"}],"replies":[{"embeddable":true,"href":"https:\/\/budapestkerekpar.hu\/index.php?rest_route=%2Fwp%2Fv2%2Fcomments&post=6408"}],"wp:featuredmedia":[{"embeddable":true,"href":"https:\/\/budapestkerekpar.hu\/index.php?rest_route=\/wp\/v2\/media\/6397"}],"wp:attachment":[{"href":"https:\/\/budapestkerekpar.hu\/index.php?rest_route=%2Fwp%2Fv2%2Fmedia&parent=6408"}],"wp:term":[{"taxonomy":"product_brand","embeddable":true,"href":"https:\/\/budapestkerekpar.hu\/index.php?rest_route=%2Fwp%2Fv2%2Fproduct_brand&post=6408"},{"taxonomy":"product_cat","embeddable":true,"href":"https:\/\/budapestkerekpar.hu\/index.php?rest_route=%2Fwp%2Fv2%2Fproduct_cat&post=6408"},{"taxonomy":"product_tag","embeddable":true,"href":"https:\/\/budapestkerekpar.hu\/index.php?rest_route=%2Fwp%2Fv2%2Fproduct_tag&post=6408"}],"curies":[{"name":"wp","href":"https:\/\/api.w.org\/{rel}","templated":true}]}}