{"id":6429,"date":"2025-10-13T21:59:34","date_gmt":"2025-10-13T21:59:34","guid":{"rendered":"https:\/\/budapestkerekpar.hu\/?post_type=product&#038;p=6429"},"modified":"2025-10-19T20:50:56","modified_gmt":"2025-10-19T20:50:56","slug":"larry-vs-harry-bullit-classic","status":"publish","type":"product","link":"https:\/\/budapestkerekpar.hu\/?product=larry-vs-harry-bullit-classic","title":{"rendered":"Larry Vs Harry Bullit Classic\u2028\u2028\u2028"},"content":{"rendered":"<p>Larry Vs Harry Bullit Classic<\/p>\n<p>&nbsp;<\/p>\n<p>Az eredeti Bullitt, amivel minden kezd\u0151d\u00f6tt \u2013<br \/>\negy ikonikus, megb\u00edzhat\u00f3, sallangmentes cargobike,ami \u00faj szintre emelte a kateg\u00f3ri\u00e1t.<br \/>\nT\u00f6k\u00e9letes v\u00e1laszt\u00e1s azoknak, akik egy k\u00f6nny\u0171, f\u00fcrge munkaeszk\u00f6zt keresnek,felesleges cicoma n\u00e9lk\u00fcl.<br \/>\nB\u00e1rmit is dobsz r\u00e1, \u00e1llja a sarat.\u2028\u2028A g\u00e9p k\u00f6lts\u00e9gmentes \u00e1llapotnak \u00f6rvend.<\/p>\n<p>V\u00e1lt\u00f3: Shimano Nexus 7<br \/>\nGumik: Schwalbe Marathon<\/p>\n<p>&nbsp;<\/p>\n<p>\ud83d\udd25 Friss szerviz, k\u00f6lts\u00e9gmentes \u00e1llapot!<\/p>\n<p>\ud83d\udd25 Sz\u00e1ml\u00e1val \u00e9s garanci\u00e1val!<\/p>\n<p>\ud83d\ude9a Orsz\u00e1gos sz\u00e1ll\u00edt\u00e1s szem\u00e9lyes \u00e1tad\u00e1ssal, a bringa szem\u00e9lyre szabott be\u00e1ll\u00edt\u00e1s\u00e1val megoldhat\u00f3!<\/p>\n<p>\ud83c\udfd9 El\u00e9rhet\u0151 v\u00e1rosok: Budapest, Debrecen, Eger, Szeged, Baja, P\u00e9cs, Sz\u00e9kesfeh\u00e9rv\u00e1r, Gy\u0151r \u00e9s m\u00e9g sok m\u00e1s helysz\u00edn!<\/p>\n<p>\ud83d\udce9 Ne fil\u00f3zz, ne v\u00e1rj \u2013 vidd el, miel\u0151tt m\u00e1s lecsap r\u00e1! \ud83d\ude80<\/p>\n<p>\ud83d\udd25 \u00c1r: 699.000 Ft<\/p>\n<p>\ud83d\udd17https:\/\/budapestkerekpar.hu<\/p>\n<p>\ud83d\udce9 budapestkerekparinfo@gmail.com<\/p>\n<p>\ud83d\udcf1 +36702070883<\/p>\n<p>A bring\u00e1kr\u00f3l k\u00e9sz\u00fclt k\u00e9peket m\u00e9g jobb felbont\u00e1sban megtal\u00e1lod, a budapestkerekpar.hu-n !<\/p>\n","protected":false},"excerpt":{"rendered":"<p>Larry Vs Harry Bullit Classic &nbsp; Az eredeti Bullitt, amivel  [&#8230;]<\/p>\n","protected":false},"featured_media":6414,"comment_status":"open","ping_status":"closed","template":"","meta":{"_bbp_topic_count":0,"_bbp_reply_count":0,"_bbp_total_topic_count":0,"_bbp_total_reply_count":0,"_bbp_voice_count":0,"_bbp_anonymous_reply_count":0,"_bbp_topic_count_hidden":0,"_bbp_reply_count_hidden":0,"_bbp_forum_subforum_count":0,"content-type":""},"product_brand":[],"product_cat":[138,208],"product_tag":[],"class_list":{"0":"post-6429","1":"product","2":"type-product","3":"status-publish","4":"has-post-thumbnail","6":"product_cat-138","7":"product_cat-cargo","9":"first","10":"outofstock","11":"shipping-taxable","12":"purchasable","13":"product-type-simple"},"acf":[],"yoast_head":"<!-- This site is optimized with the Yoast SEO plugin v27.4 - https:\/\/yoast.com\/product\/yoast-seo-wordpress\/ -->\n<title>Larry Vs Harry Bullit Classic\u2028\u2028\u2028 - Budapest Ker\u00e9kp\u00e1r<\/title>\n<meta name=\"description\" content=\"Az eredeti Bullitt, amivel minden kezd\u0151d\u00f6tt \u2013egy ikonikus, megb\u00edzhat\u00f3, sallangmentes cargobike,ami \u00faj szintre emelte a kateg\u00f3ri\u00e1t.T\u00f6k\u00e9letes v\u00e1laszt\u00e1s azoknak, akik egy k\u00f6nny\u0171, f\u00fcrge munkaeszk\u00f6zt keresnek,felesleges cicoma n\u00e9lk\u00fcl.B\u00e1rmit is dobsz r\u00e1, \u00e1llja a sarat.\u2028\u2028A g\u00e9p k\u00f6lts\u00e9gmentes \u00e1llapotnak \u00f6rvend.\" \/>\n<meta name=\"robots\" content=\"index, follow, max-snippet:-1, max-image-preview:large, max-video-preview:-1\" \/>\n<link rel=\"canonical\" href=\"https:\/\/budapestkerekpar.hu\/?product=larry-vs-harry-bullit-classic\" \/>\n<meta property=\"og:locale\" content=\"hu_HU\" \/>\n<meta property=\"og:type\" content=\"article\" \/>\n<meta property=\"og:title\" content=\"Larry Vs Harry Bullit Classic\u2028\u2028\u2028 - Budapest Ker\u00e9kp\u00e1r\" \/>\n<meta property=\"og:description\" content=\"Az eredeti Bullitt, amivel minden kezd\u0151d\u00f6tt \u2013egy ikonikus, megb\u00edzhat\u00f3, sallangmentes cargobike,ami \u00faj szintre emelte a kateg\u00f3ri\u00e1t.T\u00f6k\u00e9letes v\u00e1laszt\u00e1s azoknak, akik egy k\u00f6nny\u0171, f\u00fcrge munkaeszk\u00f6zt keresnek,felesleges cicoma n\u00e9lk\u00fcl.B\u00e1rmit is dobsz r\u00e1, \u00e1llja a sarat.\u2028\u2028A g\u00e9p k\u00f6lts\u00e9gmentes \u00e1llapotnak \u00f6rvend.\" \/>\n<meta property=\"og:url\" content=\"https:\/\/budapestkerekpar.hu\/?product=larry-vs-harry-bullit-classic\" \/>\n<meta property=\"og:site_name\" content=\"Budapest Ker\u00e9kp\u00e1r\" \/>\n<meta property=\"article:modified_time\" content=\"2025-10-19T20:50:56+00:00\" \/>\n<meta property=\"og:image\" content=\"http:\/\/budapestkerekpar.hu\/wp-content\/uploads\/2025\/10\/budapestkerekpar_larryvsharrybullitclassic_001.jpg\" \/>\n\t<meta property=\"og:image:width\" content=\"1920\" \/>\n\t<meta property=\"og:image:height\" content=\"1440\" \/>\n\t<meta property=\"og:image:type\" content=\"image\/jpeg\" \/>\n<meta name=\"twitter:card\" content=\"summary_large_image\" \/>\n<meta name=\"twitter:label1\" content=\"Becs\u00fclt olvas\u00e1si id\u0151\" \/>\n\t<meta name=\"twitter:data1\" content=\"1 perc\" \/>\n<script type=\"application\/ld+json\" class=\"yoast-schema-graph\">{\"@context\":\"https:\\\/\\\/schema.org\",\"@graph\":[{\"@type\":\"WebPage\",\"@id\":\"https:\\\/\\\/budapestkerekpar.hu\\\/?product=larry-vs-harry-bullit-classic\",\"url\":\"https:\\\/\\\/budapestkerekpar.hu\\\/?product=larry-vs-harry-bullit-classic\",\"name\":\"Larry Vs Harry Bullit Classic\\u2028\\u2028\\u2028 - Budapest Ker\u00e9kp\u00e1r\",\"isPartOf\":{\"@id\":\"https:\\\/\\\/budapestkerekpar.hu\\\/#website\"},\"primaryImageOfPage\":{\"@id\":\"https:\\\/\\\/budapestkerekpar.hu\\\/?product=larry-vs-harry-bullit-classic#primaryimage\"},\"image\":{\"@id\":\"https:\\\/\\\/budapestkerekpar.hu\\\/?product=larry-vs-harry-bullit-classic#primaryimage\"},\"thumbnailUrl\":\"https:\\\/\\\/budapestkerekpar.hu\\\/wp-content\\\/uploads\\\/2025\\\/10\\\/budapestkerekpar_larryvsharrybullitclassic_001.jpg\",\"datePublished\":\"2025-10-13T21:59:34+00:00\",\"dateModified\":\"2025-10-19T20:50:56+00:00\",\"description\":\"Az eredeti Bullitt, amivel minden kezd\u0151d\u00f6tt \u2013egy ikonikus, megb\u00edzhat\u00f3, sallangmentes cargobike,ami \u00faj szintre emelte a kateg\u00f3ri\u00e1t.T\u00f6k\u00e9letes v\u00e1laszt\u00e1s azoknak, akik egy k\u00f6nny\u0171, f\u00fcrge munkaeszk\u00f6zt keresnek,felesleges cicoma n\u00e9lk\u00fcl.B\u00e1rmit is dobsz r\u00e1, \u00e1llja a sarat.\\u2028\\u2028A g\u00e9p k\u00f6lts\u00e9gmentes \u00e1llapotnak \u00f6rvend.\",\"breadcrumb\":{\"@id\":\"https:\\\/\\\/budapestkerekpar.hu\\\/?product=larry-vs-harry-bullit-classic#breadcrumb\"},\"inLanguage\":\"hu\",\"potentialAction\":[{\"@type\":\"ReadAction\",\"target\":[\"https:\\\/\\\/budapestkerekpar.hu\\\/?product=larry-vs-harry-bullit-classic\"]}]},{\"@type\":\"ImageObject\",\"inLanguage\":\"hu\",\"@id\":\"https:\\\/\\\/budapestkerekpar.hu\\\/?product=larry-vs-harry-bullit-classic#primaryimage\",\"url\":\"https:\\\/\\\/budapestkerekpar.hu\\\/wp-content\\\/uploads\\\/2025\\\/10\\\/budapestkerekpar_larryvsharrybullitclassic_001.jpg\",\"contentUrl\":\"https:\\\/\\\/budapestkerekpar.hu\\\/wp-content\\\/uploads\\\/2025\\\/10\\\/budapestkerekpar_larryvsharrybullitclassic_001.jpg\",\"width\":1920,\"height\":1440},{\"@type\":\"BreadcrumbList\",\"@id\":\"https:\\\/\\\/budapestkerekpar.hu\\\/?product=larry-vs-harry-bullit-classic#breadcrumb\",\"itemListElement\":[{\"@type\":\"ListItem\",\"position\":1,\"name\":\"Kezd\u0151lap\",\"item\":\"https:\\\/\\\/budapestkerekpar.hu\\\/\"},{\"@type\":\"ListItem\",\"position\":2,\"name\":\"Shop Classic &#8211; Sidebar\",\"item\":\"https:\\\/\\\/budapestkerekpar.hu\\\/?page_id=2110\"},{\"@type\":\"ListItem\",\"position\":3,\"name\":\"Larry Vs Harry Bullit Classic\\u2028\\u2028\\u2028\"}]},{\"@type\":\"WebSite\",\"@id\":\"https:\\\/\\\/budapestkerekpar.hu\\\/#website\",\"url\":\"https:\\\/\\\/budapestkerekpar.hu\\\/\",\"name\":\"Budapest Ker\u00e9kp\u00e1r\",\"description\":\"Legyen neked is men\u0151 bring\u00e1d!\",\"potentialAction\":[{\"@type\":\"SearchAction\",\"target\":{\"@type\":\"EntryPoint\",\"urlTemplate\":\"https:\\\/\\\/budapestkerekpar.hu\\\/?s={search_term_string}\"},\"query-input\":{\"@type\":\"PropertyValueSpecification\",\"valueRequired\":true,\"valueName\":\"search_term_string\"}}],\"inLanguage\":\"hu\"}]}<\/script>\n<!-- \/ Yoast SEO plugin. -->","yoast_head_json":{"title":"Larry Vs Harry Bullit Classic\u2028\u2028\u2028 - Budapest Ker\u00e9kp\u00e1r","description":"Az eredeti Bullitt, amivel minden kezd\u0151d\u00f6tt \u2013egy ikonikus, megb\u00edzhat\u00f3, sallangmentes cargobike,ami \u00faj szintre emelte a kateg\u00f3ri\u00e1t.T\u00f6k\u00e9letes v\u00e1laszt\u00e1s azoknak, akik egy k\u00f6nny\u0171, f\u00fcrge munkaeszk\u00f6zt keresnek,felesleges cicoma n\u00e9lk\u00fcl.B\u00e1rmit is dobsz r\u00e1, \u00e1llja a sarat.\u2028\u2028A g\u00e9p k\u00f6lts\u00e9gmentes \u00e1llapotnak \u00f6rvend.","robots":{"index":"index","follow":"follow","max-snippet":"max-snippet:-1","max-image-preview":"max-image-preview:large","max-video-preview":"max-video-preview:-1"},"canonical":"https:\/\/budapestkerekpar.hu\/?product=larry-vs-harry-bullit-classic","og_locale":"hu_HU","og_type":"article","og_title":"Larry Vs Harry Bullit Classic\u2028\u2028\u2028 - Budapest Ker\u00e9kp\u00e1r","og_description":"Az eredeti Bullitt, amivel minden kezd\u0151d\u00f6tt \u2013egy ikonikus, megb\u00edzhat\u00f3, sallangmentes cargobike,ami \u00faj szintre emelte a kateg\u00f3ri\u00e1t.T\u00f6k\u00e9letes v\u00e1laszt\u00e1s azoknak, akik egy k\u00f6nny\u0171, f\u00fcrge munkaeszk\u00f6zt keresnek,felesleges cicoma n\u00e9lk\u00fcl.B\u00e1rmit is dobsz r\u00e1, \u00e1llja a sarat.\u2028\u2028A g\u00e9p k\u00f6lts\u00e9gmentes \u00e1llapotnak \u00f6rvend.","og_url":"https:\/\/budapestkerekpar.hu\/?product=larry-vs-harry-bullit-classic","og_site_name":"Budapest Ker\u00e9kp\u00e1r","article_modified_time":"2025-10-19T20:50:56+00:00","og_image":[{"width":1920,"height":1440,"url":"http:\/\/budapestkerekpar.hu\/wp-content\/uploads\/2025\/10\/budapestkerekpar_larryvsharrybullitclassic_001.jpg","type":"image\/jpeg"}],"twitter_card":"summary_large_image","twitter_misc":{"Becs\u00fclt olvas\u00e1si id\u0151":"1 perc"},"schema":{"@context":"https:\/\/schema.org","@graph":[{"@type":"WebPage","@id":"https:\/\/budapestkerekpar.hu\/?product=larry-vs-harry-bullit-classic","url":"https:\/\/budapestkerekpar.hu\/?product=larry-vs-harry-bullit-classic","name":"Larry Vs Harry Bullit Classic\u2028\u2028\u2028 - Budapest Ker\u00e9kp\u00e1r","isPartOf":{"@id":"https:\/\/budapestkerekpar.hu\/#website"},"primaryImageOfPage":{"@id":"https:\/\/budapestkerekpar.hu\/?product=larry-vs-harry-bullit-classic#primaryimage"},"image":{"@id":"https:\/\/budapestkerekpar.hu\/?product=larry-vs-harry-bullit-classic#primaryimage"},"thumbnailUrl":"https:\/\/budapestkerekpar.hu\/wp-content\/uploads\/2025\/10\/budapestkerekpar_larryvsharrybullitclassic_001.jpg","datePublished":"2025-10-13T21:59:34+00:00","dateModified":"2025-10-19T20:50:56+00:00","description":"Az eredeti Bullitt, amivel minden kezd\u0151d\u00f6tt \u2013egy ikonikus, megb\u00edzhat\u00f3, sallangmentes cargobike,ami \u00faj szintre emelte a kateg\u00f3ri\u00e1t.T\u00f6k\u00e9letes v\u00e1laszt\u00e1s azoknak, akik egy k\u00f6nny\u0171, f\u00fcrge munkaeszk\u00f6zt keresnek,felesleges cicoma n\u00e9lk\u00fcl.B\u00e1rmit is dobsz r\u00e1, \u00e1llja a sarat.\u2028\u2028A g\u00e9p k\u00f6lts\u00e9gmentes \u00e1llapotnak \u00f6rvend.","breadcrumb":{"@id":"https:\/\/budapestkerekpar.hu\/?product=larry-vs-harry-bullit-classic#breadcrumb"},"inLanguage":"hu","potentialAction":[{"@type":"ReadAction","target":["https:\/\/budapestkerekpar.hu\/?product=larry-vs-harry-bullit-classic"]}]},{"@type":"ImageObject","inLanguage":"hu","@id":"https:\/\/budapestkerekpar.hu\/?product=larry-vs-harry-bullit-classic#primaryimage","url":"https:\/\/budapestkerekpar.hu\/wp-content\/uploads\/2025\/10\/budapestkerekpar_larryvsharrybullitclassic_001.jpg","contentUrl":"https:\/\/budapestkerekpar.hu\/wp-content\/uploads\/2025\/10\/budapestkerekpar_larryvsharrybullitclassic_001.jpg","width":1920,"height":1440},{"@type":"BreadcrumbList","@id":"https:\/\/budapestkerekpar.hu\/?product=larry-vs-harry-bullit-classic#breadcrumb","itemListElement":[{"@type":"ListItem","position":1,"name":"Kezd\u0151lap","item":"https:\/\/budapestkerekpar.hu\/"},{"@type":"ListItem","position":2,"name":"Shop Classic &#8211; Sidebar","item":"https:\/\/budapestkerekpar.hu\/?page_id=2110"},{"@type":"ListItem","position":3,"name":"Larry Vs Harry Bullit Classic\u2028\u2028\u2028"}]},{"@type":"WebSite","@id":"https:\/\/budapestkerekpar.hu\/#website","url":"https:\/\/budapestkerekpar.hu\/","name":"Budapest Ker\u00e9kp\u00e1r","description":"Legyen neked is men\u0151 bring\u00e1d!","potentialAction":[{"@type":"SearchAction","target":{"@type":"EntryPoint","urlTemplate":"https:\/\/budapestkerekpar.hu\/?s={search_term_string}"},"query-input":{"@type":"PropertyValueSpecification","valueRequired":true,"valueName":"search_term_string"}}],"inLanguage":"hu"}]}},"_links":{"self":[{"href":"https:\/\/budapestkerekpar.hu\/index.php?rest_route=\/wp\/v2\/product\/6429","targetHints":{"allow":["GET"]}}],"collection":[{"href":"https:\/\/budapestkerekpar.hu\/index.php?rest_route=\/wp\/v2\/product"}],"about":[{"href":"https:\/\/budapestkerekpar.hu\/index.php?rest_route=\/wp\/v2\/types\/product"}],"replies":[{"embeddable":true,"href":"https:\/\/budapestkerekpar.hu\/index.php?rest_route=%2Fwp%2Fv2%2Fcomments&post=6429"}],"wp:featuredmedia":[{"embeddable":true,"href":"https:\/\/budapestkerekpar.hu\/index.php?rest_route=\/wp\/v2\/media\/6414"}],"wp:attachment":[{"href":"https:\/\/budapestkerekpar.hu\/index.php?rest_route=%2Fwp%2Fv2%2Fmedia&parent=6429"}],"wp:term":[{"taxonomy":"product_brand","embeddable":true,"href":"https:\/\/budapestkerekpar.hu\/index.php?rest_route=%2Fwp%2Fv2%2Fproduct_brand&post=6429"},{"taxonomy":"product_cat","embeddable":true,"href":"https:\/\/budapestkerekpar.hu\/index.php?rest_route=%2Fwp%2Fv2%2Fproduct_cat&post=6429"},{"taxonomy":"product_tag","embeddable":true,"href":"https:\/\/budapestkerekpar.hu\/index.php?rest_route=%2Fwp%2Fv2%2Fproduct_tag&post=6429"}],"curies":[{"name":"wp","href":"https:\/\/api.w.org\/{rel}","templated":true}]}}