{"id":6569,"date":"2025-11-27T13:45:11","date_gmt":"2025-11-27T13:45:11","guid":{"rendered":"https:\/\/budapestkerekpar.hu\/?post_type=product&#038;p=6569"},"modified":"2025-11-27T13:45:11","modified_gmt":"2025-11-27T13:45:11","slug":"sinus-bc50-light-noi-varosi-bosch-ebike-pedelec","status":"publish","type":"product","link":"https:\/\/budapestkerekpar.hu\/?product=sinus-bc50-light-noi-varosi-bosch-ebike-pedelec","title":{"rendered":"Sinus BC50 Light N\u0151i v\u00e1rosi Bosch Ebike\/Pedelec\u2028\u2028"},"content":{"rendered":"<p>Igaz\u00e1n n\u0151ies alacsony \u00e1tl\u00e9p\u00e9si magass\u00e1g\u00fa Bosch motoros ebike. Egyetlen mozdulattal levehet\u0151 kos\u00e1rral, er\u0151s vil\u00e1g\u00edt\u00e1ssal, k\u00e9nyelmes \u00fcl\u00e9ssel \u00e9s rug\u00f3s nyeregcs\u0151vel.<\/p>\n<p>V\u00e1zm\u00e9ret: 46 cm<br \/>\nF\u00e9k: Magura HS11<br \/>\nF\u00e9kkar: Magura HS11<br \/>\nV\u00e1lt\u00f3: Shimano Nexus 7 agyv\u00e1lt\u00f3<br \/>\nV\u00e1lt\u00f3kar: Shimano Nexus 7<br \/>\nKer\u00e9kagy: Shimano \/ agydinam\u00f3<br \/>\nKer\u00e9km\u00e9ret: 28\u201d<br \/>\nFelni: Duplafal\u00fa<br \/>\nGumi: Schwalbe Big Ben Balloon f\u00e9nyvisszaver\u0151cs\u00edkos barna<br \/>\nKorm\u00e1nysz\u00e1r \/ Stucni: \u00c1ll\u00edthat\u00f3 d\u0151l\u00e9ssz\u00f6g\u0171<br \/>\nNyeregcs\u0151: Rug\u00f3s<br \/>\nNyereg: Zsel\u00e9s<br \/>\nVil\u00e1g\u00edt\u00e1s: Er\u0151s ledes<br \/>\nEgy\u00e9b: Trelock z\u00e1r, kos\u00e1r, ergonomikus markolat, csomagtart\u00f3, s\u00e1rv\u00e9d\u0151<br \/>\nMotor: Bosch Active Line<br \/>\nAkkumul\u00e1tor: Bosch Powerpack 400 Wh<\/p>\n<p>\ud83d\udd25 Friss szerviz, legfrissebb Bosch szoftverrel, \u00e9s hivatalos Bosch szerviz diagnosztik\u00e1val \u2013 k\u00f6lts\u00e9gmentes \u00e1llapot!<br \/>\n\ud83d\udd25 Sz\u00e1ml\u00e1val \u00e9s garanci\u00e1val, Bosch m\u00e1rkaszerv\u00edzb\u0151l!<\/p>\n<p>\ud83d\ude9a Orsz\u00e1gos sz\u00e1ll\u00edt\u00e1s szem\u00e9lyes \u00e1tad\u00e1ssal, a bringa szem\u00e9lyre szabott be\u00e1ll\u00edt\u00e1s\u00e1val megoldhat\u00f3!<\/p>\n<p>\ud83c\udfd9 El\u00e9rhet\u0151 v\u00e1rosok: Budapest, Debrecen, Eger, Szeged, Baja, P\u00e9cs, Sz\u00e9kesfeh\u00e9rv\u00e1r, Gy\u0151r \u00e9s m\u00e9g sok m\u00e1s helysz\u00edn!<\/p>\n<p>\ud83d\udce9 Ne fil\u00f3zz, ne v\u00e1rj \u2013 vidd el, miel\u0151tt m\u00e1s lecsap r\u00e1! \ud83d\ude80<\/p>\n<p>\ud83d\udd25 \u00c1r: 338.000 Ft<\/p>\n<p>\ud83d\udce9 budapestkerekparinfo@gmail.com<\/p>\n<p>\ud83d\udcf1 +36702070883<\/p>\n","protected":false},"excerpt":{"rendered":"<p>Igaz\u00e1n n\u0151ies alacsony \u00e1tl\u00e9p\u00e9si magass\u00e1g\u00fa Bosch motoros ebike. Egyetlen mozdulattal  [&#8230;]<\/p>\n","protected":false},"featured_media":6538,"comment_status":"open","ping_status":"closed","template":"","meta":{"_bbp_topic_count":0,"_bbp_reply_count":0,"_bbp_total_topic_count":0,"_bbp_total_reply_count":0,"_bbp_voice_count":0,"_bbp_anonymous_reply_count":0,"_bbp_topic_count_hidden":0,"_bbp_reply_count_hidden":0,"_bbp_forum_subforum_count":0,"content-type":""},"product_brand":[],"product_cat":[143,134,87],"product_tag":[],"class_list":{"0":"post-6569","1":"product","2":"type-product","3":"status-publish","4":"has-post-thumbnail","6":"product_cat-143","7":"product_cat-e-bike","8":"product_cat-noi","10":"first","11":"instock","12":"shipping-taxable","13":"purchasable","14":"product-type-simple"},"acf":[],"yoast_head":"<!-- This site is optimized with the Yoast SEO plugin v27.4 - https:\/\/yoast.com\/product\/yoast-seo-wordpress\/ -->\n<title>Sinus BC50 Light N\u0151i v\u00e1rosi Bosch Ebike\/Pedelec\u2028\u2028 - Budapest Ker\u00e9kp\u00e1r<\/title>\n<meta name=\"description\" content=\"Igaz\u00e1n n\u0151ies alacsony \u00e1tl\u00e9p\u00e9si magass\u00e1g\u00fa Bosch motoros ebike. Egyetlen mozdulattal levehet\u0151 kos\u00e1rral, er\u0151s vil\u00e1g\u00edt\u00e1ssal, k\u00e9nyelmes \u00fcl\u00e9ssel \u00e9s rug\u00f3s nyeregcs\u0151vel.\" \/>\n<meta name=\"robots\" content=\"index, follow, max-snippet:-1, max-image-preview:large, max-video-preview:-1\" \/>\n<link rel=\"canonical\" href=\"https:\/\/budapestkerekpar.hu\/?product=sinus-bc50-light-noi-varosi-bosch-ebike-pedelec\" \/>\n<meta property=\"og:locale\" content=\"hu_HU\" \/>\n<meta property=\"og:type\" content=\"article\" \/>\n<meta property=\"og:title\" content=\"Sinus BC50 Light N\u0151i v\u00e1rosi Bosch Ebike\/Pedelec\u2028\u2028 - Budapest Ker\u00e9kp\u00e1r\" \/>\n<meta property=\"og:description\" content=\"Igaz\u00e1n n\u0151ies alacsony \u00e1tl\u00e9p\u00e9si magass\u00e1g\u00fa Bosch motoros ebike. Egyetlen mozdulattal levehet\u0151 kos\u00e1rral, er\u0151s vil\u00e1g\u00edt\u00e1ssal, k\u00e9nyelmes \u00fcl\u00e9ssel \u00e9s rug\u00f3s nyeregcs\u0151vel.\" \/>\n<meta property=\"og:url\" content=\"https:\/\/budapestkerekpar.hu\/?product=sinus-bc50-light-noi-varosi-bosch-ebike-pedelec\" \/>\n<meta property=\"og:site_name\" content=\"Budapest Ker\u00e9kp\u00e1r\" \/>\n<meta property=\"og:image\" content=\"http:\/\/budapestkerekpar.hu\/wp-content\/uploads\/2025\/11\/budapestkerekpar_sinusbc50light_001.jpg\" \/>\n\t<meta property=\"og:image:width\" content=\"1920\" \/>\n\t<meta property=\"og:image:height\" content=\"1440\" \/>\n\t<meta property=\"og:image:type\" content=\"image\/jpeg\" \/>\n<meta name=\"twitter:card\" content=\"summary_large_image\" \/>\n<meta name=\"twitter:label1\" content=\"Becs\u00fclt olvas\u00e1si id\u0151\" \/>\n\t<meta name=\"twitter:data1\" content=\"1 perc\" \/>\n<script type=\"application\/ld+json\" class=\"yoast-schema-graph\">{\"@context\":\"https:\\\/\\\/schema.org\",\"@graph\":[{\"@type\":\"WebPage\",\"@id\":\"https:\\\/\\\/budapestkerekpar.hu\\\/?product=sinus-bc50-light-noi-varosi-bosch-ebike-pedelec\",\"url\":\"https:\\\/\\\/budapestkerekpar.hu\\\/?product=sinus-bc50-light-noi-varosi-bosch-ebike-pedelec\",\"name\":\"Sinus BC50 Light N\u0151i v\u00e1rosi Bosch Ebike\\\/Pedelec\\u2028\\u2028 - Budapest Ker\u00e9kp\u00e1r\",\"isPartOf\":{\"@id\":\"https:\\\/\\\/budapestkerekpar.hu\\\/#website\"},\"primaryImageOfPage\":{\"@id\":\"https:\\\/\\\/budapestkerekpar.hu\\\/?product=sinus-bc50-light-noi-varosi-bosch-ebike-pedelec#primaryimage\"},\"image\":{\"@id\":\"https:\\\/\\\/budapestkerekpar.hu\\\/?product=sinus-bc50-light-noi-varosi-bosch-ebike-pedelec#primaryimage\"},\"thumbnailUrl\":\"https:\\\/\\\/budapestkerekpar.hu\\\/wp-content\\\/uploads\\\/2025\\\/11\\\/budapestkerekpar_sinusbc50light_001.jpg\",\"datePublished\":\"2025-11-27T13:45:11+00:00\",\"description\":\"Igaz\u00e1n n\u0151ies alacsony \u00e1tl\u00e9p\u00e9si magass\u00e1g\u00fa Bosch motoros ebike. Egyetlen mozdulattal levehet\u0151 kos\u00e1rral, er\u0151s vil\u00e1g\u00edt\u00e1ssal, k\u00e9nyelmes \u00fcl\u00e9ssel \u00e9s rug\u00f3s nyeregcs\u0151vel.\",\"breadcrumb\":{\"@id\":\"https:\\\/\\\/budapestkerekpar.hu\\\/?product=sinus-bc50-light-noi-varosi-bosch-ebike-pedelec#breadcrumb\"},\"inLanguage\":\"hu\",\"potentialAction\":[{\"@type\":\"ReadAction\",\"target\":[\"https:\\\/\\\/budapestkerekpar.hu\\\/?product=sinus-bc50-light-noi-varosi-bosch-ebike-pedelec\"]}]},{\"@type\":\"ImageObject\",\"inLanguage\":\"hu\",\"@id\":\"https:\\\/\\\/budapestkerekpar.hu\\\/?product=sinus-bc50-light-noi-varosi-bosch-ebike-pedelec#primaryimage\",\"url\":\"https:\\\/\\\/budapestkerekpar.hu\\\/wp-content\\\/uploads\\\/2025\\\/11\\\/budapestkerekpar_sinusbc50light_001.jpg\",\"contentUrl\":\"https:\\\/\\\/budapestkerekpar.hu\\\/wp-content\\\/uploads\\\/2025\\\/11\\\/budapestkerekpar_sinusbc50light_001.jpg\",\"width\":1920,\"height\":1440},{\"@type\":\"BreadcrumbList\",\"@id\":\"https:\\\/\\\/budapestkerekpar.hu\\\/?product=sinus-bc50-light-noi-varosi-bosch-ebike-pedelec#breadcrumb\",\"itemListElement\":[{\"@type\":\"ListItem\",\"position\":1,\"name\":\"Kezd\u0151lap\",\"item\":\"https:\\\/\\\/budapestkerekpar.hu\\\/\"},{\"@type\":\"ListItem\",\"position\":2,\"name\":\"Shop Classic &#8211; Sidebar\",\"item\":\"https:\\\/\\\/budapestkerekpar.hu\\\/?page_id=2110\"},{\"@type\":\"ListItem\",\"position\":3,\"name\":\"Sinus BC50 Light N\u0151i v\u00e1rosi Bosch Ebike\\\/Pedelec\\u2028\\u2028\"}]},{\"@type\":\"WebSite\",\"@id\":\"https:\\\/\\\/budapestkerekpar.hu\\\/#website\",\"url\":\"https:\\\/\\\/budapestkerekpar.hu\\\/\",\"name\":\"Budapest Ker\u00e9kp\u00e1r\",\"description\":\"Legyen neked is men\u0151 bring\u00e1d!\",\"potentialAction\":[{\"@type\":\"SearchAction\",\"target\":{\"@type\":\"EntryPoint\",\"urlTemplate\":\"https:\\\/\\\/budapestkerekpar.hu\\\/?s={search_term_string}\"},\"query-input\":{\"@type\":\"PropertyValueSpecification\",\"valueRequired\":true,\"valueName\":\"search_term_string\"}}],\"inLanguage\":\"hu\"}]}<\/script>\n<!-- \/ Yoast SEO plugin. -->","yoast_head_json":{"title":"Sinus BC50 Light N\u0151i v\u00e1rosi Bosch Ebike\/Pedelec\u2028\u2028 - Budapest Ker\u00e9kp\u00e1r","description":"Igaz\u00e1n n\u0151ies alacsony \u00e1tl\u00e9p\u00e9si magass\u00e1g\u00fa Bosch motoros ebike. Egyetlen mozdulattal levehet\u0151 kos\u00e1rral, er\u0151s vil\u00e1g\u00edt\u00e1ssal, k\u00e9nyelmes \u00fcl\u00e9ssel \u00e9s rug\u00f3s nyeregcs\u0151vel.","robots":{"index":"index","follow":"follow","max-snippet":"max-snippet:-1","max-image-preview":"max-image-preview:large","max-video-preview":"max-video-preview:-1"},"canonical":"https:\/\/budapestkerekpar.hu\/?product=sinus-bc50-light-noi-varosi-bosch-ebike-pedelec","og_locale":"hu_HU","og_type":"article","og_title":"Sinus BC50 Light N\u0151i v\u00e1rosi Bosch Ebike\/Pedelec\u2028\u2028 - Budapest Ker\u00e9kp\u00e1r","og_description":"Igaz\u00e1n n\u0151ies alacsony \u00e1tl\u00e9p\u00e9si magass\u00e1g\u00fa Bosch motoros ebike. Egyetlen mozdulattal levehet\u0151 kos\u00e1rral, er\u0151s vil\u00e1g\u00edt\u00e1ssal, k\u00e9nyelmes \u00fcl\u00e9ssel \u00e9s rug\u00f3s nyeregcs\u0151vel.","og_url":"https:\/\/budapestkerekpar.hu\/?product=sinus-bc50-light-noi-varosi-bosch-ebike-pedelec","og_site_name":"Budapest Ker\u00e9kp\u00e1r","og_image":[{"width":1920,"height":1440,"url":"http:\/\/budapestkerekpar.hu\/wp-content\/uploads\/2025\/11\/budapestkerekpar_sinusbc50light_001.jpg","type":"image\/jpeg"}],"twitter_card":"summary_large_image","twitter_misc":{"Becs\u00fclt olvas\u00e1si id\u0151":"1 perc"},"schema":{"@context":"https:\/\/schema.org","@graph":[{"@type":"WebPage","@id":"https:\/\/budapestkerekpar.hu\/?product=sinus-bc50-light-noi-varosi-bosch-ebike-pedelec","url":"https:\/\/budapestkerekpar.hu\/?product=sinus-bc50-light-noi-varosi-bosch-ebike-pedelec","name":"Sinus BC50 Light N\u0151i v\u00e1rosi Bosch Ebike\/Pedelec\u2028\u2028 - Budapest Ker\u00e9kp\u00e1r","isPartOf":{"@id":"https:\/\/budapestkerekpar.hu\/#website"},"primaryImageOfPage":{"@id":"https:\/\/budapestkerekpar.hu\/?product=sinus-bc50-light-noi-varosi-bosch-ebike-pedelec#primaryimage"},"image":{"@id":"https:\/\/budapestkerekpar.hu\/?product=sinus-bc50-light-noi-varosi-bosch-ebike-pedelec#primaryimage"},"thumbnailUrl":"https:\/\/budapestkerekpar.hu\/wp-content\/uploads\/2025\/11\/budapestkerekpar_sinusbc50light_001.jpg","datePublished":"2025-11-27T13:45:11+00:00","description":"Igaz\u00e1n n\u0151ies alacsony \u00e1tl\u00e9p\u00e9si magass\u00e1g\u00fa Bosch motoros ebike. Egyetlen mozdulattal levehet\u0151 kos\u00e1rral, er\u0151s vil\u00e1g\u00edt\u00e1ssal, k\u00e9nyelmes \u00fcl\u00e9ssel \u00e9s rug\u00f3s nyeregcs\u0151vel.","breadcrumb":{"@id":"https:\/\/budapestkerekpar.hu\/?product=sinus-bc50-light-noi-varosi-bosch-ebike-pedelec#breadcrumb"},"inLanguage":"hu","potentialAction":[{"@type":"ReadAction","target":["https:\/\/budapestkerekpar.hu\/?product=sinus-bc50-light-noi-varosi-bosch-ebike-pedelec"]}]},{"@type":"ImageObject","inLanguage":"hu","@id":"https:\/\/budapestkerekpar.hu\/?product=sinus-bc50-light-noi-varosi-bosch-ebike-pedelec#primaryimage","url":"https:\/\/budapestkerekpar.hu\/wp-content\/uploads\/2025\/11\/budapestkerekpar_sinusbc50light_001.jpg","contentUrl":"https:\/\/budapestkerekpar.hu\/wp-content\/uploads\/2025\/11\/budapestkerekpar_sinusbc50light_001.jpg","width":1920,"height":1440},{"@type":"BreadcrumbList","@id":"https:\/\/budapestkerekpar.hu\/?product=sinus-bc50-light-noi-varosi-bosch-ebike-pedelec#breadcrumb","itemListElement":[{"@type":"ListItem","position":1,"name":"Kezd\u0151lap","item":"https:\/\/budapestkerekpar.hu\/"},{"@type":"ListItem","position":2,"name":"Shop Classic &#8211; Sidebar","item":"https:\/\/budapestkerekpar.hu\/?page_id=2110"},{"@type":"ListItem","position":3,"name":"Sinus BC50 Light N\u0151i v\u00e1rosi Bosch Ebike\/Pedelec\u2028\u2028"}]},{"@type":"WebSite","@id":"https:\/\/budapestkerekpar.hu\/#website","url":"https:\/\/budapestkerekpar.hu\/","name":"Budapest Ker\u00e9kp\u00e1r","description":"Legyen neked is men\u0151 bring\u00e1d!","potentialAction":[{"@type":"SearchAction","target":{"@type":"EntryPoint","urlTemplate":"https:\/\/budapestkerekpar.hu\/?s={search_term_string}"},"query-input":{"@type":"PropertyValueSpecification","valueRequired":true,"valueName":"search_term_string"}}],"inLanguage":"hu"}]}},"_links":{"self":[{"href":"https:\/\/budapestkerekpar.hu\/index.php?rest_route=\/wp\/v2\/product\/6569","targetHints":{"allow":["GET"]}}],"collection":[{"href":"https:\/\/budapestkerekpar.hu\/index.php?rest_route=\/wp\/v2\/product"}],"about":[{"href":"https:\/\/budapestkerekpar.hu\/index.php?rest_route=\/wp\/v2\/types\/product"}],"replies":[{"embeddable":true,"href":"https:\/\/budapestkerekpar.hu\/index.php?rest_route=%2Fwp%2Fv2%2Fcomments&post=6569"}],"wp:featuredmedia":[{"embeddable":true,"href":"https:\/\/budapestkerekpar.hu\/index.php?rest_route=\/wp\/v2\/media\/6538"}],"wp:attachment":[{"href":"https:\/\/budapestkerekpar.hu\/index.php?rest_route=%2Fwp%2Fv2%2Fmedia&parent=6569"}],"wp:term":[{"taxonomy":"product_brand","embeddable":true,"href":"https:\/\/budapestkerekpar.hu\/index.php?rest_route=%2Fwp%2Fv2%2Fproduct_brand&post=6569"},{"taxonomy":"product_cat","embeddable":true,"href":"https:\/\/budapestkerekpar.hu\/index.php?rest_route=%2Fwp%2Fv2%2Fproduct_cat&post=6569"},{"taxonomy":"product_tag","embeddable":true,"href":"https:\/\/budapestkerekpar.hu\/index.php?rest_route=%2Fwp%2Fv2%2Fproduct_tag&post=6569"}],"curies":[{"name":"wp","href":"https:\/\/api.w.org\/{rel}","templated":true}]}}