{"id":6678,"date":"2026-02-09T21:32:58","date_gmt":"2026-02-09T21:32:58","guid":{"rendered":"https:\/\/budapestkerekpar.hu\/?post_type=product&#038;p=6678"},"modified":"2026-02-09T21:32:59","modified_gmt":"2026-02-09T21:32:59","slug":"inspired-flow-22-street-trial","status":"publish","type":"product","link":"https:\/\/budapestkerekpar.hu\/?product=inspired-flow-22-street-trial","title":{"rendered":"Inspired Flow 22\u201d Street Trial\u2028\u2028"},"content":{"rendered":"<p>Vag\u00e1ny bringa amivel Wibmer \u00e9s Macaskill nyomdokaiba l\u00e9phetsz. Street trialra sosem, csak suliba j\u00e1rni haszn\u00e1lt Inspired Flow, vastagon az \u00faj \u00e1ra alatt. Full gy\u00e1ri gumikkal, markolatokkal, patika \u00e1llapotban, ultra d\u00f6g\u00f6s Acid Green sz\u00ednben.<\/p>\n<p>V\u00e1z\/V\u00e1zm\u00e9ret: 140-175cm k\u00f6zt aj\u00e1nlja a gy\u00e1rt\u00f3. Szerint\u00fck m\u00e1sik stucnival, felette is rendben, ha BMX-es feelingre v\u00e1gysz.<br \/>\nVilla: Inspired<br \/>\nF\u00e9k: Front brake: Magura MT4 hydraulic disc brake, 180mm rotor<br \/>\n&#8211; Rear brake: Magura MT4 hydraulic disc brake, 180mm rotor<br \/>\nF\u00e9kkar: Magura MT4<br \/>\nHajt\u00e1s: Sealed Square Taper\/Trialtech, 170mm, Black<br \/>\nKer\u00e9kagy: Trialtech Disc, 32h, Sealed Bearings, Black\/Trialtech Disc, 32h, 135mm, Sealed Bearings, Blac<br \/>\nKer\u00e9km\u00e9ret: 22\u201d<br \/>\nKerekek: Front rim: Inspired, 22&#8243;, Black<br \/>\n&#8211; Rear rim: Inspired, 22&#8243;, Black\/ Freewheel: Trialtech 16T, 36 engagement points<br \/>\nGumi: &#8211; Front tyre: Inspired Street 22&#8243; x 2.3&#8243;<br \/>\n&#8211; Rear tyre: Inspired Street 22&#8243; x 2.3&#8243;<br \/>\nKorm\u00e1ny: Inspired Flow Medium Riser, Black<br \/>\nKorm\u00e1nysz\u00e1r \/ Stucni: Trialtech<br \/>\nNyereg: Inspired<\/p>\n<p>\ud83d\udd25 Friss szerviz, k\u00f6lts\u00e9gmentes \u00e1llapot!<br \/>\n\ud83d\udd25 Sz\u00e1ml\u00e1val \u00e9s garanci\u00e1val, Bosch m\u00e1rkaszerv\u00edzb\u0151l!<\/p>\n<p>\ud83d\ude9a Orsz\u00e1gos sz\u00e1ll\u00edt\u00e1s szem\u00e9lyes \u00e1tad\u00e1ssal, a bringa szem\u00e9lyre szabott be\u00e1ll\u00edt\u00e1s\u00e1val megoldhat\u00f3!<\/p>\n<p>\ud83c\udfd9 El\u00e9rhet\u0151 v\u00e1rosok: Budapest, Debrecen, Eger, Szeged, Baja, P\u00e9cs, Sz\u00e9kesfeh\u00e9rv\u00e1r, Gy\u0151r \u00e9s m\u00e9g sok m\u00e1s helysz\u00edn!<\/p>\n<p>\ud83d\udce9 Ne fil\u00f3zz, ne v\u00e1rj \u2013 vidd el, miel\u0151tt m\u00e1s lecsap r\u00e1! \ud83d\ude80<\/p>\n<p>\ud83d\udd25 \u00c1r: 348. 000 Ft<\/p>\n<p>\ud83d\udce9 budapestkerekparinfo@gmail.com<\/p>\n<p>\ud83d\udcf1 +36702070883<\/p>\n<p>&nbsp;<\/p>\n","protected":false},"excerpt":{"rendered":"<p>Vag\u00e1ny bringa amivel Wibmer \u00e9s Macaskill nyomdokaiba l\u00e9phetsz. Street trialra  [&#8230;]<\/p>\n","protected":false},"featured_media":6647,"comment_status":"open","ping_status":"closed","template":"","meta":{"_bbp_topic_count":0,"_bbp_reply_count":0,"_bbp_total_topic_count":0,"_bbp_total_reply_count":0,"_bbp_voice_count":0,"_bbp_anonymous_reply_count":0,"_bbp_topic_count_hidden":0,"_bbp_reply_count_hidden":0,"_bbp_forum_subforum_count":0,"content-type":""},"product_brand":[],"product_cat":[197],"product_tag":[],"class_list":{"0":"post-6678","1":"product","2":"type-product","3":"status-publish","4":"has-post-thumbnail","6":"product_cat-bmx","8":"first","9":"instock","10":"shipping-taxable","11":"purchasable","12":"product-type-simple"},"acf":[],"yoast_head":"<!-- This site is optimized with the Yoast SEO plugin v27.4 - https:\/\/yoast.com\/product\/yoast-seo-wordpress\/ -->\n<title>Inspired Flow 22\u201d Street Trial\u2028\u2028 - Budapest Ker\u00e9kp\u00e1r<\/title>\n<meta name=\"description\" content=\"Vag\u00e1ny bringa amivel Wibmer \u00e9s Macaskill nyomdokaiba l\u00e9phetsz. Street trialra sosem, csak suliba j\u00e1rni haszn\u00e1lt Inspired Flow, vastagon az \u00faj \u00e1ra alatt. Full gy\u00e1ri gumikkal, markolatokkal, patika \u00e1llapotban, ultra d\u00f6g\u00f6s Acid Green sz\u00ednben.\" \/>\n<meta name=\"robots\" content=\"index, follow, max-snippet:-1, max-image-preview:large, max-video-preview:-1\" \/>\n<link rel=\"canonical\" href=\"https:\/\/budapestkerekpar.hu\/?product=inspired-flow-22-street-trial\" \/>\n<meta property=\"og:locale\" content=\"hu_HU\" \/>\n<meta property=\"og:type\" content=\"article\" \/>\n<meta property=\"og:title\" content=\"Inspired Flow 22\u201d Street Trial\u2028\u2028 - Budapest Ker\u00e9kp\u00e1r\" \/>\n<meta property=\"og:description\" content=\"Vag\u00e1ny bringa amivel Wibmer \u00e9s Macaskill nyomdokaiba l\u00e9phetsz. Street trialra sosem, csak suliba j\u00e1rni haszn\u00e1lt Inspired Flow, vastagon az \u00faj \u00e1ra alatt. Full gy\u00e1ri gumikkal, markolatokkal, patika \u00e1llapotban, ultra d\u00f6g\u00f6s Acid Green sz\u00ednben.\" \/>\n<meta property=\"og:url\" content=\"https:\/\/budapestkerekpar.hu\/?product=inspired-flow-22-street-trial\" \/>\n<meta property=\"og:site_name\" content=\"Budapest Ker\u00e9kp\u00e1r\" \/>\n<meta property=\"article:modified_time\" content=\"2026-02-09T21:32:59+00:00\" \/>\n<meta property=\"og:image\" content=\"http:\/\/budapestkerekpar.hu\/wp-content\/uploads\/2026\/02\/budapestkerekpar_inspiredflow_001.jpg\" \/>\n\t<meta property=\"og:image:width\" content=\"1920\" \/>\n\t<meta property=\"og:image:height\" content=\"1440\" \/>\n\t<meta property=\"og:image:type\" content=\"image\/jpeg\" \/>\n<meta name=\"twitter:card\" content=\"summary_large_image\" \/>\n<meta name=\"twitter:label1\" content=\"Becs\u00fclt olvas\u00e1si id\u0151\" \/>\n\t<meta name=\"twitter:data1\" content=\"1 perc\" \/>\n<script type=\"application\/ld+json\" class=\"yoast-schema-graph\">{\"@context\":\"https:\\\/\\\/schema.org\",\"@graph\":[{\"@type\":\"WebPage\",\"@id\":\"https:\\\/\\\/budapestkerekpar.hu\\\/?product=inspired-flow-22-street-trial\",\"url\":\"https:\\\/\\\/budapestkerekpar.hu\\\/?product=inspired-flow-22-street-trial\",\"name\":\"Inspired Flow 22\u201d Street Trial\\u2028\\u2028 - Budapest Ker\u00e9kp\u00e1r\",\"isPartOf\":{\"@id\":\"https:\\\/\\\/budapestkerekpar.hu\\\/#website\"},\"primaryImageOfPage\":{\"@id\":\"https:\\\/\\\/budapestkerekpar.hu\\\/?product=inspired-flow-22-street-trial#primaryimage\"},\"image\":{\"@id\":\"https:\\\/\\\/budapestkerekpar.hu\\\/?product=inspired-flow-22-street-trial#primaryimage\"},\"thumbnailUrl\":\"https:\\\/\\\/budapestkerekpar.hu\\\/wp-content\\\/uploads\\\/2026\\\/02\\\/budapestkerekpar_inspiredflow_001.jpg\",\"datePublished\":\"2026-02-09T21:32:58+00:00\",\"dateModified\":\"2026-02-09T21:32:59+00:00\",\"description\":\"Vag\u00e1ny bringa amivel Wibmer \u00e9s Macaskill nyomdokaiba l\u00e9phetsz. Street trialra sosem, csak suliba j\u00e1rni haszn\u00e1lt Inspired Flow, vastagon az \u00faj \u00e1ra alatt. Full gy\u00e1ri gumikkal, markolatokkal, patika \u00e1llapotban, ultra d\u00f6g\u00f6s Acid Green sz\u00ednben.\",\"breadcrumb\":{\"@id\":\"https:\\\/\\\/budapestkerekpar.hu\\\/?product=inspired-flow-22-street-trial#breadcrumb\"},\"inLanguage\":\"hu\",\"potentialAction\":[{\"@type\":\"ReadAction\",\"target\":[\"https:\\\/\\\/budapestkerekpar.hu\\\/?product=inspired-flow-22-street-trial\"]}]},{\"@type\":\"ImageObject\",\"inLanguage\":\"hu\",\"@id\":\"https:\\\/\\\/budapestkerekpar.hu\\\/?product=inspired-flow-22-street-trial#primaryimage\",\"url\":\"https:\\\/\\\/budapestkerekpar.hu\\\/wp-content\\\/uploads\\\/2026\\\/02\\\/budapestkerekpar_inspiredflow_001.jpg\",\"contentUrl\":\"https:\\\/\\\/budapestkerekpar.hu\\\/wp-content\\\/uploads\\\/2026\\\/02\\\/budapestkerekpar_inspiredflow_001.jpg\",\"width\":1920,\"height\":1440},{\"@type\":\"BreadcrumbList\",\"@id\":\"https:\\\/\\\/budapestkerekpar.hu\\\/?product=inspired-flow-22-street-trial#breadcrumb\",\"itemListElement\":[{\"@type\":\"ListItem\",\"position\":1,\"name\":\"Kezd\u0151lap\",\"item\":\"https:\\\/\\\/budapestkerekpar.hu\\\/\"},{\"@type\":\"ListItem\",\"position\":2,\"name\":\"Shop Classic &#8211; Sidebar\",\"item\":\"https:\\\/\\\/budapestkerekpar.hu\\\/?page_id=2110\"},{\"@type\":\"ListItem\",\"position\":3,\"name\":\"Inspired Flow 22\u201d Street Trial\\u2028\\u2028\"}]},{\"@type\":\"WebSite\",\"@id\":\"https:\\\/\\\/budapestkerekpar.hu\\\/#website\",\"url\":\"https:\\\/\\\/budapestkerekpar.hu\\\/\",\"name\":\"Budapest Ker\u00e9kp\u00e1r\",\"description\":\"Legyen neked is men\u0151 bring\u00e1d!\",\"potentialAction\":[{\"@type\":\"SearchAction\",\"target\":{\"@type\":\"EntryPoint\",\"urlTemplate\":\"https:\\\/\\\/budapestkerekpar.hu\\\/?s={search_term_string}\"},\"query-input\":{\"@type\":\"PropertyValueSpecification\",\"valueRequired\":true,\"valueName\":\"search_term_string\"}}],\"inLanguage\":\"hu\"}]}<\/script>\n<!-- \/ Yoast SEO plugin. -->","yoast_head_json":{"title":"Inspired Flow 22\u201d Street Trial\u2028\u2028 - Budapest Ker\u00e9kp\u00e1r","description":"Vag\u00e1ny bringa amivel Wibmer \u00e9s Macaskill nyomdokaiba l\u00e9phetsz. Street trialra sosem, csak suliba j\u00e1rni haszn\u00e1lt Inspired Flow, vastagon az \u00faj \u00e1ra alatt. Full gy\u00e1ri gumikkal, markolatokkal, patika \u00e1llapotban, ultra d\u00f6g\u00f6s Acid Green sz\u00ednben.","robots":{"index":"index","follow":"follow","max-snippet":"max-snippet:-1","max-image-preview":"max-image-preview:large","max-video-preview":"max-video-preview:-1"},"canonical":"https:\/\/budapestkerekpar.hu\/?product=inspired-flow-22-street-trial","og_locale":"hu_HU","og_type":"article","og_title":"Inspired Flow 22\u201d Street Trial\u2028\u2028 - Budapest Ker\u00e9kp\u00e1r","og_description":"Vag\u00e1ny bringa amivel Wibmer \u00e9s Macaskill nyomdokaiba l\u00e9phetsz. Street trialra sosem, csak suliba j\u00e1rni haszn\u00e1lt Inspired Flow, vastagon az \u00faj \u00e1ra alatt. Full gy\u00e1ri gumikkal, markolatokkal, patika \u00e1llapotban, ultra d\u00f6g\u00f6s Acid Green sz\u00ednben.","og_url":"https:\/\/budapestkerekpar.hu\/?product=inspired-flow-22-street-trial","og_site_name":"Budapest Ker\u00e9kp\u00e1r","article_modified_time":"2026-02-09T21:32:59+00:00","og_image":[{"width":1920,"height":1440,"url":"http:\/\/budapestkerekpar.hu\/wp-content\/uploads\/2026\/02\/budapestkerekpar_inspiredflow_001.jpg","type":"image\/jpeg"}],"twitter_card":"summary_large_image","twitter_misc":{"Becs\u00fclt olvas\u00e1si id\u0151":"1 perc"},"schema":{"@context":"https:\/\/schema.org","@graph":[{"@type":"WebPage","@id":"https:\/\/budapestkerekpar.hu\/?product=inspired-flow-22-street-trial","url":"https:\/\/budapestkerekpar.hu\/?product=inspired-flow-22-street-trial","name":"Inspired Flow 22\u201d Street Trial\u2028\u2028 - Budapest Ker\u00e9kp\u00e1r","isPartOf":{"@id":"https:\/\/budapestkerekpar.hu\/#website"},"primaryImageOfPage":{"@id":"https:\/\/budapestkerekpar.hu\/?product=inspired-flow-22-street-trial#primaryimage"},"image":{"@id":"https:\/\/budapestkerekpar.hu\/?product=inspired-flow-22-street-trial#primaryimage"},"thumbnailUrl":"https:\/\/budapestkerekpar.hu\/wp-content\/uploads\/2026\/02\/budapestkerekpar_inspiredflow_001.jpg","datePublished":"2026-02-09T21:32:58+00:00","dateModified":"2026-02-09T21:32:59+00:00","description":"Vag\u00e1ny bringa amivel Wibmer \u00e9s Macaskill nyomdokaiba l\u00e9phetsz. Street trialra sosem, csak suliba j\u00e1rni haszn\u00e1lt Inspired Flow, vastagon az \u00faj \u00e1ra alatt. Full gy\u00e1ri gumikkal, markolatokkal, patika \u00e1llapotban, ultra d\u00f6g\u00f6s Acid Green sz\u00ednben.","breadcrumb":{"@id":"https:\/\/budapestkerekpar.hu\/?product=inspired-flow-22-street-trial#breadcrumb"},"inLanguage":"hu","potentialAction":[{"@type":"ReadAction","target":["https:\/\/budapestkerekpar.hu\/?product=inspired-flow-22-street-trial"]}]},{"@type":"ImageObject","inLanguage":"hu","@id":"https:\/\/budapestkerekpar.hu\/?product=inspired-flow-22-street-trial#primaryimage","url":"https:\/\/budapestkerekpar.hu\/wp-content\/uploads\/2026\/02\/budapestkerekpar_inspiredflow_001.jpg","contentUrl":"https:\/\/budapestkerekpar.hu\/wp-content\/uploads\/2026\/02\/budapestkerekpar_inspiredflow_001.jpg","width":1920,"height":1440},{"@type":"BreadcrumbList","@id":"https:\/\/budapestkerekpar.hu\/?product=inspired-flow-22-street-trial#breadcrumb","itemListElement":[{"@type":"ListItem","position":1,"name":"Kezd\u0151lap","item":"https:\/\/budapestkerekpar.hu\/"},{"@type":"ListItem","position":2,"name":"Shop Classic &#8211; Sidebar","item":"https:\/\/budapestkerekpar.hu\/?page_id=2110"},{"@type":"ListItem","position":3,"name":"Inspired Flow 22\u201d Street Trial\u2028\u2028"}]},{"@type":"WebSite","@id":"https:\/\/budapestkerekpar.hu\/#website","url":"https:\/\/budapestkerekpar.hu\/","name":"Budapest Ker\u00e9kp\u00e1r","description":"Legyen neked is men\u0151 bring\u00e1d!","potentialAction":[{"@type":"SearchAction","target":{"@type":"EntryPoint","urlTemplate":"https:\/\/budapestkerekpar.hu\/?s={search_term_string}"},"query-input":{"@type":"PropertyValueSpecification","valueRequired":true,"valueName":"search_term_string"}}],"inLanguage":"hu"}]}},"_links":{"self":[{"href":"https:\/\/budapestkerekpar.hu\/index.php?rest_route=\/wp\/v2\/product\/6678","targetHints":{"allow":["GET"]}}],"collection":[{"href":"https:\/\/budapestkerekpar.hu\/index.php?rest_route=\/wp\/v2\/product"}],"about":[{"href":"https:\/\/budapestkerekpar.hu\/index.php?rest_route=\/wp\/v2\/types\/product"}],"replies":[{"embeddable":true,"href":"https:\/\/budapestkerekpar.hu\/index.php?rest_route=%2Fwp%2Fv2%2Fcomments&post=6678"}],"wp:featuredmedia":[{"embeddable":true,"href":"https:\/\/budapestkerekpar.hu\/index.php?rest_route=\/wp\/v2\/media\/6647"}],"wp:attachment":[{"href":"https:\/\/budapestkerekpar.hu\/index.php?rest_route=%2Fwp%2Fv2%2Fmedia&parent=6678"}],"wp:term":[{"taxonomy":"product_brand","embeddable":true,"href":"https:\/\/budapestkerekpar.hu\/index.php?rest_route=%2Fwp%2Fv2%2Fproduct_brand&post=6678"},{"taxonomy":"product_cat","embeddable":true,"href":"https:\/\/budapestkerekpar.hu\/index.php?rest_route=%2Fwp%2Fv2%2Fproduct_cat&post=6678"},{"taxonomy":"product_tag","embeddable":true,"href":"https:\/\/budapestkerekpar.hu\/index.php?rest_route=%2Fwp%2Fv2%2Fproduct_tag&post=6678"}],"curies":[{"name":"wp","href":"https:\/\/api.w.org\/{rel}","templated":true}]}}